{"id":972,"date":"2022-04-27T22:22:47","date_gmt":"2022-04-27T20:22:47","guid":{"rendered":"https:\/\/www.hjartatsbon.se\/?page_id=972"},"modified":"2022-04-28T12:32:59","modified_gmt":"2022-04-28T10:32:59","slug":"hjartats-bon-2","status":"publish","type":"page","link":"https:\/\/www.hjartatsbon.se\/index.php\/hjartats-bon-2\/","title":{"rendered":"Hj\u00e4rtats b\u00f6n"},"content":{"rendered":"\n<p class=\"has-text-align-center\" style=\"font-size:25px\">Om n\u00e4tverket<\/p>\n\n\n\n<p><em>N\u00e4tverket hj\u00e4rtats b\u00f6n<\/em> inom Svenska kyrkan vill inspirera till skapande av Hj\u00e4rtats b\u00f6nverksamhet p\u00e5 f\u00f6rsamlingsniv\u00e5. N\u00e4tverket \u00e4r \u00f6ppet f\u00f6r alla som \u00e4r medlemmar inom Svenska kyrkan. <\/p>\n\n\n\n<p>N\u00e4tverkets nuvarande organisatoriska huvudfokus \u00e4r skapandet av digitala introduktionsmaterial och v\u00e4gledningar med b\u00e5de film och ljud som kan anv\u00e4ndas av vem som helst via n\u00e4tet. Dessa kommer fr\u00e4mst g\u00f6ras tillg\u00e4ngliga i podcastmilj\u00f6. Skriv upp dig p\u00e5 <a rel=\"noreferrer noopener\" href=\"https:\/\/www.hjartatsbon.se\/index.php\/nyhetsbrev\/\" target=\"_blank\">nyhetsbrevet <\/a>f\u00f6r information om n\u00e4r dessa g\u00f6rs tillg\u00e4ngliga. Ett annat arbetsomr\u00e5de \u00e4r skapandet av ett kursmaterial f\u00f6r personer som sj\u00e4lva vill anv\u00e4nda Hj\u00e4rtats b\u00f6n i olika verksamheter och retreater. Utbildningsdagar kring detta kommer fr\u00e4mst att arrangeras i Uppsala, bl.a. p\u00e5 Fjellstedtska skolan. <\/p>\n\n\n\n<p>Ut\u00f6ver pedagogiska s\u00e4tt att f\u00f6rmedla traditionens grundl\u00e4ggande tekniker och f\u00f6rh\u00e5llningss\u00e4tt vill n\u00e4tverket ocks\u00e5 vara en verkstad f\u00f6r avancerad f\u00f6rdjupning i dess praktik. Det finns djup i textsamlingar som philokalia som det otr\u00e4nade \u00f6gat inte direkt uppfattar, samt gott om tekniker som traditionen avst\u00e5tt att g\u00f6ra allt f\u00f6r tillg\u00e4ngliga d\u00e5 de b\u00e4st \u00f6verf\u00f6rs fr\u00e5n l\u00e4rare till elev i v\u00e4gledning. <\/p>\n\n\n\n<p>Organisatoriskt \u00e4r vi knutna till Uppsala stift, men detta \u00e4r en ren formalitet och deltagande i n\u00e4tverket \u00e4r inte bundet av geografi. N\u00e4tverket hj\u00e4rtats b\u00f6n och <a rel=\"noreferrer noopener\" href=\"https:\/\/www.hjartatsbon.se\/index.php\/mystagogiskt-larande\/\" data-type=\"URL\" data-id=\"https:\/\/www.hjartatsbon.se\/index.php\/mystagogiskt-larande\/\" target=\"_blank\">N\u00e4tverket f\u00f6r mystagogiskt l\u00e4rande<\/a> har ett n\u00e4ra samarbete d\u00e5 initiativtagarna \u00f6verlappar. Inte minst vill vi tillsammans visa kopplingarna som finns mellan den allm\u00e4na kyrkans hj\u00e4rtats b\u00f6ntradition och hur svenska mystiker p\u00e5 olika s\u00e4tt, kanske intuitivt, i olika grad har kommit att anknyta till den. Fr\u00e4mst Hjalmar Ekstr\u00f6m, men mystikern och forskaren Bengt Hoffman har visat att Martin Luther faktiskt k\u00e4nde till och kopplade samman centrala aspekter av traditionen, n\u00e4mligen: den tredelade sj\u00e4len, hj\u00e4rtat som plats f\u00f6r b\u00f6nen, upprepandet av ett b\u00f6neord samt den st\u00e4ndiga b\u00f6nen.<\/p>\n\n\n\n<blockquote class=\"wp-block-quote is-layout-flow wp-block-quote-is-layout-flow\"><p>Den som kan stilla sitt hj\u00e4rta, avl\u00e4gsna alla fr\u00e4mmande tankar och st\u00e4ndigt endast sk\u00e5da in i sj\u00e4lva tilldragelsen, han f\u00e5r den allra st\u00f6rsta nytta ur evangeliet. Ett stilla vatten kan ju f\u00e5 fr\u00e5n solen, b\u00e5de en klar bild och rikligt med v\u00e4rme. D\u00e4remot kan inte ett forsande och svallande vatten avspegla solen eller uppv\u00e4rmas av den. D\u00e4rf\u00f6r \u00e4r det ocks\u00e5 s\u00e5 om du vill bli upplyst och uppv\u00e4rmd och se Guds underbara n\u00e5d, att du m\u00e5ste dra dig undan till ett st\u00e4lle, d\u00e4r du kan f\u00e5 vara stilla och i ditt innersta hj\u00e4rtas djup ta emot den bild som detta evangelium framst\u00e4ller f\u00f6r dig. D\u00e5 kommer ditt hj\u00e4rta att bli ljust, brinnande, and\u00e4ktigt och glatt och du skall finna idel underbara ting.<\/p><p><\/p><cite>Martin Luther<\/cite><\/blockquote>\n\n\n\n<p>Avsnitten <em>&#8221;K\u00e4rlekselden&#8221;<\/em>,<em> &#8221;Den tredelade sj\u00e4len&#8221;<\/em> ,<em>&#8221;Upp &amp; ned&#8221;<\/em>  samt det kommande avsnittet <em>&#8221;Andens inre b\u00f6n&#8221;<\/em> i podden <em>&#8221;Den f\u00f6rdolda v\u00e4rlden&#8221; <\/em>behandlar p\u00e5 olika s\u00e4tt denna tradition. <\/p>\n\n\n\n<p><\/p>\n\n\n\n<figure class=\"wp-block-image size-full is-style-default\"><img fetchpriority=\"high\" decoding=\"async\" width=\"800\" height=\"800\" src=\"https:\/\/www.hjartatsbon.se\/wp-content\/uploads\/2022\/04\/Den-tredelade-sjalen4.jpg\" alt=\"\" class=\"wp-image-1004\" srcset=\"https:\/\/www.hjartatsbon.se\/wp-content\/uploads\/2022\/04\/Den-tredelade-sjalen4.jpg 800w, https:\/\/www.hjartatsbon.se\/wp-content\/uploads\/2022\/04\/Den-tredelade-sjalen4-300x300.jpg 300w, https:\/\/www.hjartatsbon.se\/wp-content\/uploads\/2022\/04\/Den-tredelade-sjalen4-150x150.jpg 150w, https:\/\/www.hjartatsbon.se\/wp-content\/uploads\/2022\/04\/Den-tredelade-sjalen4-768x768.jpg 768w\" sizes=\"(max-width: 800px) 100vw, 800px\" \/><\/figure>\n","protected":false},"excerpt":{"rendered":"<p>Om n\u00e4tverket N\u00e4tverket hj\u00e4rtats b\u00f6n inom Svenska kyrkan vill inspirera till skapande av Hj\u00e4rtats b\u00f6nverksamhet p\u00e5 f\u00f6rsamlingsniv\u00e5. N\u00e4tverket \u00e4r \u00f6ppet&hellip;<\/p>\n","protected":false},"author":1,"featured_media":0,"parent":0,"menu_order":0,"comment_status":"closed","ping_status":"closed","template":"","meta":{"footnotes":""},"class_list":["post-972","page","type-page","status-publish","hentry"],"_links":{"self":[{"href":"https:\/\/www.hjartatsbon.se\/index.php\/wp-json\/wp\/v2\/pages\/972","targetHints":{"allow":["GET"]}}],"collection":[{"href":"https:\/\/www.hjartatsbon.se\/index.php\/wp-json\/wp\/v2\/pages"}],"about":[{"href":"https:\/\/www.hjartatsbon.se\/index.php\/wp-json\/wp\/v2\/types\/page"}],"author":[{"embeddable":true,"href":"https:\/\/www.hjartatsbon.se\/index.php\/wp-json\/wp\/v2\/users\/1"}],"replies":[{"embeddable":true,"href":"https:\/\/www.hjartatsbon.se\/index.php\/wp-json\/wp\/v2\/comments?post=972"}],"version-history":[{"count":22,"href":"https:\/\/www.hjartatsbon.se\/index.php\/wp-json\/wp\/v2\/pages\/972\/revisions"}],"predecessor-version":[{"id":1140,"href":"https:\/\/www.hjartatsbon.se\/index.php\/wp-json\/wp\/v2\/pages\/972\/revisions\/1140"}],"wp:attachment":[{"href":"https:\/\/www.hjartatsbon.se\/index.php\/wp-json\/wp\/v2\/media?parent=972"}],"curies":[{"name":"wp","href":"https:\/\/api.w.org\/{rel}","templated":true}]}}