{"id":959,"date":"2022-04-27T20:31:37","date_gmt":"2022-04-27T18:31:37","guid":{"rendered":"https:\/\/www.hjartatsbon.se\/?page_id=959"},"modified":"2025-01-30T09:04:28","modified_gmt":"2025-01-30T08:04:28","slug":"mystagogiskt-larande","status":"publish","type":"page","link":"https:\/\/www.hjartatsbon.se\/index.php\/mystagogiskt-larande\/","title":{"rendered":"Mysta&shy;gogiskt l\u00e4rande"},"content":{"rendered":"\n<p class=\"has-text-align-center\" style=\"font-size:25px\">Om n\u00e4tverket<\/p>\n\n\n\n<p><em>N\u00e4tverket f\u00f6r mystagogiskt l\u00e4rande<\/em> inom Svenska kyrkan syftar till att tillg\u00e4nglig\u00f6ra mystik och mystagogik i kyrkolivet, fr\u00e4mst genom att levandeg\u00f6ra v\u00e5r egen andliga f\u00f6rdjupningstradition, som har sin grund i den tyska mystika traditionen fr\u00e5n M\u00e4ster Eckhart. Allt f\u00f6r ofta blir mystik n\u00e5got av en privat angel\u00e4genhet som \u00e4r sv\u00e5r att f\u00f6rena med den svenskkyrkliga traditionen. F\u00f6r att uppl\u00f6sa gr\u00e4nsen mellan olika mystika traditioner (som exempelvis den karmelitiska eller andra) och kyrkolivet drar vi slutsatsen att den tyska mystika traditionen och luthers mystik \u00e4r en oundg\u00e4nglig resurs .<\/p>\n\n\n\n<p>K\u00e4rnan i v\u00e5r verksamhet utg\u00f6rs av v\u00e5r \u00e5rliga konferens som vi genomf\u00f6r i samarbete med Stiftelsen Fjellstedtska skolan, Uppsala pastorat och Sensus. Om du vill delta i konferensen s\u00e5 <a href=\"https:\/\/www.hjartatsbon.se\/index.php\/nyhetsbrev\/\" data-type=\"link\" data-id=\"https:\/\/www.hjartatsbon.se\/index.php\/nyhetsbrev\/\">skriv upp dig p\u00e5 v\u00e5rt nyhetsbrev<\/a> f\u00f6r att f\u00f6rst f\u00e5 information om att kommande \u00e5rs konferens \u00e4r p\u00e5 v\u00e4g. <\/p>\n\n\n\n<p>Teman f\u00f6r tidigare konferenser har varit:<em><br>2025 &#8211; Dag Hammarskj\u00f6lds V\u00e4gm\u00e4rken och den kristna mystiken<br>2024 &#8211; En \u00e4del liten bok och den lutherska mystiken<\/em><\/p>\n\n\n\n<p>Arbetet i n\u00e4tverket vill i f\u00f6rl\u00e4ngningen utveckla en forts\u00e4ttning p\u00e5 den redan existerande och v\u00e4lutvecklade katekumenat \/ kateketik-undervisningen. Arbetsformerna f\u00f6r detta \u00e4r dels teoretiska men fr\u00e4mst praktiska; vi skapar mystagoga l\u00e4randemilj\u00f6er som vi vill skapa studiematerial utifr\u00e5n. Ett gott exempel p\u00e5 detta \u00e4r <em>Studiegruppen Symposium<\/em> i Helga Trefaldighets f\u00f6rsamling, d\u00e4r f\u00f6rsamlingsbor l\u00e4ser och reflekterar klassiska mystika texter.<\/p>\n\n\n\n<p><\/p>\n","protected":false},"excerpt":{"rendered":"<p>Om n\u00e4tverket N\u00e4tverket f\u00f6r mystagogiskt l\u00e4rande inom Svenska kyrkan syftar till att tillg\u00e4nglig\u00f6ra mystik och mystagogik i kyrkolivet, fr\u00e4mst genom&hellip;<\/p>\n","protected":false},"author":1,"featured_media":0,"parent":0,"menu_order":0,"comment_status":"closed","ping_status":"closed","template":"","meta":{"footnotes":""},"class_list":["post-959","page","type-page","status-publish","hentry"],"_links":{"self":[{"href":"https:\/\/www.hjartatsbon.se\/index.php\/wp-json\/wp\/v2\/pages\/959","targetHints":{"allow":["GET"]}}],"collection":[{"href":"https:\/\/www.hjartatsbon.se\/index.php\/wp-json\/wp\/v2\/pages"}],"about":[{"href":"https:\/\/www.hjartatsbon.se\/index.php\/wp-json\/wp\/v2\/types\/page"}],"author":[{"embeddable":true,"href":"https:\/\/www.hjartatsbon.se\/index.php\/wp-json\/wp\/v2\/users\/1"}],"replies":[{"embeddable":true,"href":"https:\/\/www.hjartatsbon.se\/index.php\/wp-json\/wp\/v2\/comments?post=959"}],"version-history":[{"count":76,"href":"https:\/\/www.hjartatsbon.se\/index.php\/wp-json\/wp\/v2\/pages\/959\/revisions"}],"predecessor-version":[{"id":1598,"href":"https:\/\/www.hjartatsbon.se\/index.php\/wp-json\/wp\/v2\/pages\/959\/revisions\/1598"}],"wp:attachment":[{"href":"https:\/\/www.hjartatsbon.se\/index.php\/wp-json\/wp\/v2\/media?parent=959"}],"curies":[{"name":"wp","href":"https:\/\/api.w.org\/{rel}","templated":true}]}}