{"id":949,"date":"2022-04-27T20:19:48","date_gmt":"2022-04-27T18:19:48","guid":{"rendered":"https:\/\/www.hjartatsbon.se\/?page_id=949"},"modified":"2026-02-07T18:00:28","modified_gmt":"2026-02-07T17:00:28","slug":"den-fordolda-varlden-2","status":"publish","type":"page","link":"https:\/\/www.hjartatsbon.se\/index.php\/den-fordolda-varlden-2\/","title":{"rendered":"Den f\u00f6rdolda v\u00e4rlden \u2013 samtalsgrupp p\u00e5 Signal"},"content":{"rendered":"\n<p class=\"has-text-align-center\" style=\"font-size:25px\"><\/p>\n\n\n\n<p>Den f\u00f6rdolda v\u00e4rlden har en chatgrupp som du n\u00e5r genom appen Signal. <\/p>\n\n\n\n<p>Testa f\u00f6rst att g\u00e5 med i chatgruppen genom att ladda ned appen Signal p\u00e5 din telefon eller dator och anv\u00e4nd sedan antingen nedanst\u00e5ende l\u00e4nk eller qr-kod.<\/p>\n\n\n\n<p>Om det ej fungerar, v\u00e4nligen <a href=\"https:\/\/www.hjartatsbon.se\/index.php\/nyhetsbrev\/\" data-type=\"link\" data-id=\"https:\/\/www.hjartatsbon.se\/index.php\/nyhetsbrev\/\">kontakta Carl Stattin<\/a> f\u00f6r en personlig l\u00e4nk.<\/p>\n\n\n\n<p><a href=\"https:\/\/signal.group\/#CjQKIDZAFjacbg7E1B_VxHjM7pzg5kkc5SZZ3oZPmdidRVIZEhBhvIKnEEyqETf7cTnHsGY-\">https:\/\/signal.group\/#CjQKIDZAFjacbg7E1B_VxHjM7pzg5kkc5SZZ3oZPmdidRVIZEhBhvIKnEEyqETf7cTnHsGY-<\/a><\/p>\n\n\n\n<figure class=\"wp-block-image size-full\"><img fetchpriority=\"high\" decoding=\"async\" width=\"512\" height=\"512\" src=\"https:\/\/www.hjartatsbon.se\/wp-content\/uploads\/2022\/04\/SignalGroupQr.png\" alt=\"\" class=\"wp-image-950\" srcset=\"https:\/\/www.hjartatsbon.se\/wp-content\/uploads\/2022\/04\/SignalGroupQr.png 512w, https:\/\/www.hjartatsbon.se\/wp-content\/uploads\/2022\/04\/SignalGroupQr-300x300.png 300w, https:\/\/www.hjartatsbon.se\/wp-content\/uploads\/2022\/04\/SignalGroupQr-150x150.png 150w\" sizes=\"(max-width: 512px) 100vw, 512px\" \/><\/figure>\n\n\n\n<p><\/p>\n","protected":false},"excerpt":{"rendered":"<p>Den f\u00f6rdolda v\u00e4rlden har en chatgrupp som du n\u00e5r genom appen Signal. Testa f\u00f6rst att g\u00e5 med i chatgruppen genom&hellip;<\/p>\n","protected":false},"author":1,"featured_media":0,"parent":0,"menu_order":0,"comment_status":"closed","ping_status":"closed","template":"","meta":{"footnotes":""},"class_list":["post-949","page","type-page","status-publish","hentry"],"_links":{"self":[{"href":"https:\/\/www.hjartatsbon.se\/index.php\/wp-json\/wp\/v2\/pages\/949","targetHints":{"allow":["GET"]}}],"collection":[{"href":"https:\/\/www.hjartatsbon.se\/index.php\/wp-json\/wp\/v2\/pages"}],"about":[{"href":"https:\/\/www.hjartatsbon.se\/index.php\/wp-json\/wp\/v2\/types\/page"}],"author":[{"embeddable":true,"href":"https:\/\/www.hjartatsbon.se\/index.php\/wp-json\/wp\/v2\/users\/1"}],"replies":[{"embeddable":true,"href":"https:\/\/www.hjartatsbon.se\/index.php\/wp-json\/wp\/v2\/comments?post=949"}],"version-history":[{"count":4,"href":"https:\/\/www.hjartatsbon.se\/index.php\/wp-json\/wp\/v2\/pages\/949\/revisions"}],"predecessor-version":[{"id":1799,"href":"https:\/\/www.hjartatsbon.se\/index.php\/wp-json\/wp\/v2\/pages\/949\/revisions\/1799"}],"wp:attachment":[{"href":"https:\/\/www.hjartatsbon.se\/index.php\/wp-json\/wp\/v2\/media?parent=949"}],"curies":[{"name":"wp","href":"https:\/\/api.w.org\/{rel}","templated":true}]}}