{"id":756,"date":"2021-06-04T08:46:07","date_gmt":"2021-06-04T06:46:07","guid":{"rendered":"https:\/\/www.hjartatsbon.se\/?page_id=756"},"modified":"2026-01-16T17:44:14","modified_gmt":"2026-01-16T16:44:14","slug":"instagram","status":"publish","type":"page","link":"https:\/\/www.hjartatsbon.se\/index.php\/instagram\/","title":{"rendered":"S\u00e4llskapet Nous"},"content":{"rendered":"\n<p><\/p>\n\n\n\n<h5 class=\"wp-block-heading has-text-align-center\" style=\"font-size:25px;font-style:normal;font-weight:100\">Om s\u00e4llskapet<\/h5>\n\n\n\n<p><\/p>\n\n\n\n<div style=\"height:17px\" aria-hidden=\"true\" class=\"wp-block-spacer\"><\/div>\n\n\n\n<p>S\u00e4llskapet Nous \u00e4r en v\u00e4nkrets vars centrum \u00e4r den kristna mystiken.  V\u00e5r spiritualitet sammanf\u00f6r tre huvudsakliga traditioner (till vilket den enskilde \u00e4ven kan foga annat).<\/p>\n\n\n\n<ol class=\"wp-block-list\">\n<li>Den tidiga kyrkans alexandrinsk \/ dionysiska tradition<\/li>\n\n\n\n<li>Den bysantinska hesychasmen<\/li>\n\n\n\n<li>Europeisk ren\u00e4ssansmystik \/ tysk mystik<\/li>\n<\/ol>\n\n\n\n<p>Ut\u00f6ver dessa traditioner anknyter s\u00e4llskapet specifikt till det andliga arvet fr\u00e5n de mystika v\u00e4nkretsarna Flodbergskretsen resp. Bergmankretsen, b\u00e5da huvudsakligen rotade i tysk mystik tradition.<\/p>\n\n\n\n<p>N\u00e5gra teologer av alldeles s\u00e4rskild vikt f\u00f6r oss \u00e4r: Clemens av Alexandria, Origenes, Makrina &amp; Gregorios av Nyssa, Gregorios av Nazians, Efraim Syriern, Isak av Nineve, (Pseudo-) Dionysios Areopagiten, Maximos Bek\u00e4nnaren, Symeon den nye Teologen, Nikitas Stethatos, Nikiphoros munken, Gregorios av Sinai, Kallistos och Ignatios Xantopoulos, Dante Alighieri, Marguerite Porete, M\u00e4ster Eckhart, den anonyme f\u00f6rfattaren till <em>Theologia Germanica \/ En \u00e4del liten bok<\/em>, den anonyme f\u00f6rfattaren till <em>Molnet \/ Ickevetandets moln<\/em>, Mechthild av Magdeburg, Jakob B\u00f6hme, Robert Kirk, Georg Gichtel, John Pordage, William Blake, den anonyme f\u00f6rfattaren till <em>A watchful mind<\/em>, Sergius Bulgakov, Hjalmar Ekstr\u00f6m, Linnea Hofgren, Dag Hammarskj\u00f6ld och Bengt Hoffman.<\/p>\n\n\n\n<p>Poddarna <em>Den f\u00f6rdolda v\u00e4rlden<\/em> respektive <em>Hj\u00e4rtats b\u00f6n<\/em> \u00e4r sprungna ur S\u00e4llskapet Nous och dessa ger en god inblick i den mystika teologi som genomsyrar s\u00e4llskapet.<\/p>\n\n\n\n<div style=\"height:26px\" aria-hidden=\"true\" class=\"wp-block-spacer\"><\/div>\n\n\n\n<hr class=\"wp-block-separator has-alpha-channel-opacity\"\/>\n\n\n\n<h5 class=\"wp-block-heading\">Organisation<\/h5>\n\n\n\n<p>S\u00e4llskapet Nous organisation h\u00e4mtar inspiration fr\u00e5n flera h\u00e5ll. Inte minst <em>Guds v\u00e4nner<\/em>-r\u00f6relsen, som verkade i M\u00e4ster Eckharts efterf\u00f6ljd. I n\u00e4rtid finner vi inspiration fr\u00e5n Bergmankretsen och Flodbergskretsen, som var organiserade som just v\u00e4nkretsar.<\/p>\n\n\n\n<p>Att dela det mystika livet som v\u00e4nkrets \u00e4r v\u00e5r m\u00e5ls\u00e4ttning, men f\u00f6r att detta skall vara m\u00f6jligt p\u00e5 ett stabilt s\u00e4tt har vi omg\u00e4rdat v\u00e4nkretsen med en formell organisation som g\u00f6r det m\u00f6jligt f\u00f6r m\u00e4nniskor att bekanta sig med oss och v\u00e5r spiritualitet.<\/p>\n\n\n\n<p>Enligt den tidiga kyrkans alexandrinsk \/ dionysiska tradition delar vi in v\u00e5r mystagogik i tre pedagogiska steg:<\/p>\n\n\n\n<p><em>1. Reningen \/ separationen<\/em> &#8211; f\u00f6r de som s\u00f6ker medlemskap<em><br>2. Upplysningen<\/em> &#8211; f\u00f6r medlemmar<em><br>3. Perfektionen \/ f\u00f6reningen \/ gudomligg\u00f6relsen<\/em> &#8211; f\u00f6r de som intr\u00e4der i v\u00e4nkretsen<\/p>\n\n\n\n<p>De tv\u00e5 f\u00f6rsta av de tre stegen h\u00e4nger samman med den formella organisation som omg\u00e4rdar v\u00e4nkretsen. V\u00e5r pedagogik bygger p\u00e5 att man snarare \u00e4n att l\u00e4mna ett pedagogiskt steg f\u00f6r n\u00e4sta snarare adderar stegen till varandra, tills man samf\u00e4lt k\u00e4nner alla tre.<\/p>\n\n\n\n<p>Nedan f\u00f6ljer tv\u00e5 dokument. Ett informationsdokument om s\u00e4llskapet, samt ett formul\u00e4r man kan fylla i om man \u00e4r intresserad av att anm\u00e4la intresse f\u00f6r intr\u00e4de. Skicka dokumentet till Carls email (se kontaktsidan).<\/p>\n\n\n\n<div data-wp-interactive=\"core\/file\" class=\"wp-block-file\"><object data-wp-bind--hidden=\"!state.hasPdfPreview\" hidden class=\"wp-block-file__embed\" data=\"https:\/\/www.hjartatsbon.se\/wp-content\/uploads\/2025\/06\/Lasning-for-intresserade-av-Sallskapet-Nous.pdf\" type=\"application\/pdf\" style=\"width:100%;height:200px\" aria-label=\"Inb\u00e4ddning av L\u00e4sning f\u00f6r intresserade av S\u00e4llskapet Nous.\"><\/object><a id=\"wp-block-file--media-4110932a-102f-4748-8b05-51897267f5a0\" href=\"https:\/\/www.hjartatsbon.se\/wp-content\/uploads\/2025\/06\/Lasning-for-intresserade-av-Sallskapet-Nous.pdf\">L\u00e4sning f\u00f6r intresserade av S\u00e4llskapet Nous<\/a><a href=\"https:\/\/www.hjartatsbon.se\/wp-content\/uploads\/2025\/06\/Lasning-for-intresserade-av-Sallskapet-Nous.pdf\" class=\"wp-block-file__button wp-element-button\" download aria-describedby=\"wp-block-file--media-4110932a-102f-4748-8b05-51897267f5a0\">Ladda ner<\/a><\/div>\n\n\n\n<div class=\"wp-block-file\"><a id=\"wp-block-file--media-310b3224-f97b-41a7-a719-6755a6a85691\" href=\"https:\/\/www.hjartatsbon.se\/wp-content\/uploads\/2026\/01\/Frageformular-Sallskapet-Nous.docx\">Fr\u00e5geformul\u00e4r S\u00e4llskapet Nous<\/a><a href=\"https:\/\/www.hjartatsbon.se\/wp-content\/uploads\/2026\/01\/Frageformular-Sallskapet-Nous.docx\" class=\"wp-block-file__button wp-element-button\" download aria-describedby=\"wp-block-file--media-310b3224-f97b-41a7-a719-6755a6a85691\">Ladda ner<\/a><\/div>\n\n\n\n<p class=\"has-text-align-center has-medium-font-size\"><\/p>\n\n\n\n<div class=\"wp-block-group\"><div class=\"wp-block-group__inner-container is-layout-flow wp-block-group-is-layout-flow\"><\/div><\/div>\n","protected":false},"excerpt":{"rendered":"<p>Om s\u00e4llskapet S\u00e4llskapet Nous \u00e4r en v\u00e4nkrets vars centrum \u00e4r den kristna mystiken. V\u00e5r spiritualitet sammanf\u00f6r tre huvudsakliga traditioner (till&hellip;<\/p>\n","protected":false},"author":1,"featured_media":0,"parent":0,"menu_order":0,"comment_status":"closed","ping_status":"closed","template":"","meta":{"footnotes":""},"class_list":["post-756","page","type-page","status-publish","hentry"],"_links":{"self":[{"href":"https:\/\/www.hjartatsbon.se\/index.php\/wp-json\/wp\/v2\/pages\/756","targetHints":{"allow":["GET"]}}],"collection":[{"href":"https:\/\/www.hjartatsbon.se\/index.php\/wp-json\/wp\/v2\/pages"}],"about":[{"href":"https:\/\/www.hjartatsbon.se\/index.php\/wp-json\/wp\/v2\/types\/page"}],"author":[{"embeddable":true,"href":"https:\/\/www.hjartatsbon.se\/index.php\/wp-json\/wp\/v2\/users\/1"}],"replies":[{"embeddable":true,"href":"https:\/\/www.hjartatsbon.se\/index.php\/wp-json\/wp\/v2\/comments?post=756"}],"version-history":[{"count":22,"href":"https:\/\/www.hjartatsbon.se\/index.php\/wp-json\/wp\/v2\/pages\/756\/revisions"}],"predecessor-version":[{"id":1784,"href":"https:\/\/www.hjartatsbon.se\/index.php\/wp-json\/wp\/v2\/pages\/756\/revisions\/1784"}],"wp:attachment":[{"href":"https:\/\/www.hjartatsbon.se\/index.php\/wp-json\/wp\/v2\/media?parent=756"}],"curies":[{"name":"wp","href":"https:\/\/api.w.org\/{rel}","templated":true}]}}