{"id":543,"date":"2021-02-09T13:13:49","date_gmt":"2021-02-09T12:13:49","guid":{"rendered":"https:\/\/xn--hjrtatsbn-w2a8r.se\/?page_id=543"},"modified":"2025-05-05T09:09:19","modified_gmt":"2025-05-05T07:09:19","slug":"hjartats-bon-4","status":"publish","type":"page","link":"https:\/\/www.hjartatsbon.se\/index.php\/hjartats-bon-4\/","title":{"rendered":"Hj\u00e4rtats b\u00f6n"},"content":{"rendered":"\n<p class=\"has-text-align-center\" style=\"font-size:25px\">Lyssna p\u00e5 en introduktion!<\/p>\n\n\n\n<figure class=\"wp-block-embed is-type-rich is-provider-spotify wp-block-embed-spotify wp-embed-aspect-21-9 wp-has-aspect-ratio\"><div class=\"wp-block-embed__wrapper\">\n<iframe title=\"Spotify Embed: Inledning (Historisk skiss)\" style=\"border-radius: 12px\" width=\"100%\" height=\"152\" frameborder=\"0\" allowfullscreen allow=\"autoplay; clipboard-write; encrypted-media; fullscreen; picture-in-picture\" loading=\"lazy\" src=\"https:\/\/open.spotify.com\/embed\/episode\/0Rmx4sSxdGH5h14V2C5al4?si=c6cd6edbc93d4d3c&#038;utm_source=oembed\"><\/iframe>\n<\/div><\/figure>\n\n\n\n<p>Nu finns ett omfattande material om Hj\u00e4rtats b\u00f6n publicerat p\u00e5 en f\u00f6r \u00e4ndam\u00e5let ny podcastkanal. I materialet ing\u00e5r en historisk skiss p\u00e5 11 avsnitt, en beskrivning av b\u00f6nens mystika praktik samt en f\u00f6rsta v\u00e4gledning i tv\u00e5 olika versioner, en med respektive utan den tillh\u00f6rande b\u00f6neordningen inspelad. Du finner <a href=\"https:\/\/www.hjartatsbon.se\/wp-content\/uploads\/2025\/05\/Hjartats-bon-boneordning.pdf\" data-type=\"link\" data-id=\"https:\/\/www.hjartatsbon.se\/wp-content\/uploads\/2025\/05\/Hjartats-bon-boneordning.pdf\" target=\"_blank\" rel=\"noreferrer noopener\">pdf-dokument med b\u00f6neordningen h\u00e4r<\/a>.<\/p>\n\n\n\n<p>Till f\u00f6rel\u00e4sningen &#8221;Historisk skiss&#8221; finns en presentation tillg\u00e4nglig via Prezi. Vill man se den i mobiltelefon \u00e4r det \u00f6verl\u00e4gset b\u00e4st att anv\u00e4nda Prezis app &#8221;Prezi viewer&#8221;. Det r\u00e4cker att man installerar appen och man kan ignorera dess inbjudan att registrera ett konto. <a rel=\"noreferrer noopener\" href=\"https:\/\/prezi.com\/view\/7wuvjeSi8Ijp2aoIMFPW\/\" data-type=\"URL\" data-id=\"https:\/\/prezi.com\/view\/7wuvjeSi8Ijp2aoIMFPW\/\" target=\"_blank\">Klicka h\u00e4r<\/a> f\u00f6r att komma till presentationen efter att ha installerat appen.<\/p>\n\n\n\n<figure class=\"wp-block-image size-full\"><img fetchpriority=\"high\" decoding=\"async\" width=\"800\" height=\"800\" src=\"https:\/\/www.hjartatsbon.se\/wp-content\/uploads\/2023\/03\/Mystik-praktik.jpg\" alt=\"\" class=\"wp-image-1440\" srcset=\"https:\/\/www.hjartatsbon.se\/wp-content\/uploads\/2023\/03\/Mystik-praktik.jpg 800w, https:\/\/www.hjartatsbon.se\/wp-content\/uploads\/2023\/03\/Mystik-praktik-300x300.jpg 300w, https:\/\/www.hjartatsbon.se\/wp-content\/uploads\/2023\/03\/Mystik-praktik-150x150.jpg 150w, https:\/\/www.hjartatsbon.se\/wp-content\/uploads\/2023\/03\/Mystik-praktik-768x768.jpg 768w\" sizes=\"(max-width: 800px) 100vw, 800px\" \/><\/figure>\n\n\n\n<figure class=\"wp-block-image size-full\"><img decoding=\"async\" width=\"800\" height=\"800\" src=\"https:\/\/www.hjartatsbon.se\/wp-content\/uploads\/2023\/03\/Vagledning-1-Grundform-A-med-boneordning-1.jpg\" alt=\"\" class=\"wp-image-1459\" srcset=\"https:\/\/www.hjartatsbon.se\/wp-content\/uploads\/2023\/03\/Vagledning-1-Grundform-A-med-boneordning-1.jpg 800w, https:\/\/www.hjartatsbon.se\/wp-content\/uploads\/2023\/03\/Vagledning-1-Grundform-A-med-boneordning-1-300x300.jpg 300w, https:\/\/www.hjartatsbon.se\/wp-content\/uploads\/2023\/03\/Vagledning-1-Grundform-A-med-boneordning-1-150x150.jpg 150w, https:\/\/www.hjartatsbon.se\/wp-content\/uploads\/2023\/03\/Vagledning-1-Grundform-A-med-boneordning-1-768x768.jpg 768w\" sizes=\"(max-width: 800px) 100vw, 800px\" \/><\/figure>\n\n\n\n<figure class=\"wp-block-image size-full\"><img decoding=\"async\" width=\"800\" height=\"800\" src=\"https:\/\/www.hjartatsbon.se\/wp-content\/uploads\/2023\/03\/Vagledning-1-Grundform-A-utan-boneordning-1.jpg\" alt=\"\" class=\"wp-image-1460\" srcset=\"https:\/\/www.hjartatsbon.se\/wp-content\/uploads\/2023\/03\/Vagledning-1-Grundform-A-utan-boneordning-1.jpg 800w, https:\/\/www.hjartatsbon.se\/wp-content\/uploads\/2023\/03\/Vagledning-1-Grundform-A-utan-boneordning-1-300x300.jpg 300w, https:\/\/www.hjartatsbon.se\/wp-content\/uploads\/2023\/03\/Vagledning-1-Grundform-A-utan-boneordning-1-150x150.jpg 150w, https:\/\/www.hjartatsbon.se\/wp-content\/uploads\/2023\/03\/Vagledning-1-Grundform-A-utan-boneordning-1-768x768.jpg 768w\" sizes=\"(max-width: 800px) 100vw, 800px\" \/><\/figure>\n\n\n\n<figure class=\"wp-block-image size-full\"><img loading=\"lazy\" decoding=\"async\" width=\"800\" height=\"800\" src=\"https:\/\/www.hjartatsbon.se\/wp-content\/uploads\/2023\/03\/Historisk-skiss-Inledning.jpg\" alt=\"\" class=\"wp-image-1433\" srcset=\"https:\/\/www.hjartatsbon.se\/wp-content\/uploads\/2023\/03\/Historisk-skiss-Inledning.jpg 800w, https:\/\/www.hjartatsbon.se\/wp-content\/uploads\/2023\/03\/Historisk-skiss-Inledning-300x300.jpg 300w, https:\/\/www.hjartatsbon.se\/wp-content\/uploads\/2023\/03\/Historisk-skiss-Inledning-150x150.jpg 150w, https:\/\/www.hjartatsbon.se\/wp-content\/uploads\/2023\/03\/Historisk-skiss-Inledning-768x768.jpg 768w\" sizes=\"(max-width: 800px) 100vw, 800px\" \/><\/figure>\n\n\n\n<figure class=\"wp-block-image size-full\"><img loading=\"lazy\" decoding=\"async\" width=\"800\" height=\"800\" src=\"https:\/\/www.hjartatsbon.se\/wp-content\/uploads\/2023\/03\/Historisk-skiss-Kapitel-1-Alexandrias-vildmark2.jpg\" alt=\"\" class=\"wp-image-1421\" srcset=\"https:\/\/www.hjartatsbon.se\/wp-content\/uploads\/2023\/03\/Historisk-skiss-Kapitel-1-Alexandrias-vildmark2.jpg 800w, https:\/\/www.hjartatsbon.se\/wp-content\/uploads\/2023\/03\/Historisk-skiss-Kapitel-1-Alexandrias-vildmark2-300x300.jpg 300w, https:\/\/www.hjartatsbon.se\/wp-content\/uploads\/2023\/03\/Historisk-skiss-Kapitel-1-Alexandrias-vildmark2-150x150.jpg 150w, https:\/\/www.hjartatsbon.se\/wp-content\/uploads\/2023\/03\/Historisk-skiss-Kapitel-1-Alexandrias-vildmark2-768x768.jpg 768w\" sizes=\"(max-width: 800px) 100vw, 800px\" \/><\/figure>\n\n\n\n<figure class=\"wp-block-image size-full\"><img loading=\"lazy\" decoding=\"async\" width=\"800\" height=\"800\" src=\"https:\/\/www.hjartatsbon.se\/wp-content\/uploads\/2023\/03\/Historisk-skiss-Kapitel-2-Vagen-till-hjartat3b.jpg\" alt=\"\" class=\"wp-image-1422\" srcset=\"https:\/\/www.hjartatsbon.se\/wp-content\/uploads\/2023\/03\/Historisk-skiss-Kapitel-2-Vagen-till-hjartat3b.jpg 800w, https:\/\/www.hjartatsbon.se\/wp-content\/uploads\/2023\/03\/Historisk-skiss-Kapitel-2-Vagen-till-hjartat3b-300x300.jpg 300w, https:\/\/www.hjartatsbon.se\/wp-content\/uploads\/2023\/03\/Historisk-skiss-Kapitel-2-Vagen-till-hjartat3b-150x150.jpg 150w, https:\/\/www.hjartatsbon.se\/wp-content\/uploads\/2023\/03\/Historisk-skiss-Kapitel-2-Vagen-till-hjartat3b-768x768.jpg 768w\" sizes=\"(max-width: 800px) 100vw, 800px\" \/><\/figure>\n\n\n\n<figure class=\"wp-block-image size-full\"><img loading=\"lazy\" decoding=\"async\" width=\"800\" height=\"800\" src=\"https:\/\/www.hjartatsbon.se\/wp-content\/uploads\/2023\/03\/Historisk-skiss-Kapitel-3-Mystik-Mystagogik-2.jpg\" alt=\"\" class=\"wp-image-1423\" srcset=\"https:\/\/www.hjartatsbon.se\/wp-content\/uploads\/2023\/03\/Historisk-skiss-Kapitel-3-Mystik-Mystagogik-2.jpg 800w, https:\/\/www.hjartatsbon.se\/wp-content\/uploads\/2023\/03\/Historisk-skiss-Kapitel-3-Mystik-Mystagogik-2-300x300.jpg 300w, https:\/\/www.hjartatsbon.se\/wp-content\/uploads\/2023\/03\/Historisk-skiss-Kapitel-3-Mystik-Mystagogik-2-150x150.jpg 150w, https:\/\/www.hjartatsbon.se\/wp-content\/uploads\/2023\/03\/Historisk-skiss-Kapitel-3-Mystik-Mystagogik-2-768x768.jpg 768w\" sizes=\"(max-width: 800px) 100vw, 800px\" \/><\/figure>\n\n\n\n<figure class=\"wp-block-image size-full\"><img loading=\"lazy\" decoding=\"async\" width=\"800\" height=\"800\" src=\"https:\/\/www.hjartatsbon.se\/wp-content\/uploads\/2023\/03\/Historisk-skiss-Kapitel-4-Separation-askes-dygd.jpg\" alt=\"\" class=\"wp-image-1424\" srcset=\"https:\/\/www.hjartatsbon.se\/wp-content\/uploads\/2023\/03\/Historisk-skiss-Kapitel-4-Separation-askes-dygd.jpg 800w, https:\/\/www.hjartatsbon.se\/wp-content\/uploads\/2023\/03\/Historisk-skiss-Kapitel-4-Separation-askes-dygd-300x300.jpg 300w, https:\/\/www.hjartatsbon.se\/wp-content\/uploads\/2023\/03\/Historisk-skiss-Kapitel-4-Separation-askes-dygd-150x150.jpg 150w, https:\/\/www.hjartatsbon.se\/wp-content\/uploads\/2023\/03\/Historisk-skiss-Kapitel-4-Separation-askes-dygd-768x768.jpg 768w\" sizes=\"(max-width: 800px) 100vw, 800px\" \/><\/figure>\n\n\n\n<figure class=\"wp-block-image size-full\"><img loading=\"lazy\" decoding=\"async\" width=\"800\" height=\"800\" src=\"https:\/\/www.hjartatsbon.se\/wp-content\/uploads\/2023\/03\/Historisk-skiss-Kapitel-5-Minnet-av-Eden.jpg\" alt=\"\" class=\"wp-image-1425\" srcset=\"https:\/\/www.hjartatsbon.se\/wp-content\/uploads\/2023\/03\/Historisk-skiss-Kapitel-5-Minnet-av-Eden.jpg 800w, https:\/\/www.hjartatsbon.se\/wp-content\/uploads\/2023\/03\/Historisk-skiss-Kapitel-5-Minnet-av-Eden-300x300.jpg 300w, https:\/\/www.hjartatsbon.se\/wp-content\/uploads\/2023\/03\/Historisk-skiss-Kapitel-5-Minnet-av-Eden-150x150.jpg 150w, https:\/\/www.hjartatsbon.se\/wp-content\/uploads\/2023\/03\/Historisk-skiss-Kapitel-5-Minnet-av-Eden-768x768.jpg 768w\" sizes=\"(max-width: 800px) 100vw, 800px\" \/><\/figure>\n\n\n\n<figure class=\"wp-block-image size-full\"><img loading=\"lazy\" decoding=\"async\" width=\"800\" height=\"800\" src=\"https:\/\/www.hjartatsbon.se\/wp-content\/uploads\/2023\/03\/Historisk-skiss-Kapitel-6-Antik-filosofi.jpg\" alt=\"\" class=\"wp-image-1426\" srcset=\"https:\/\/www.hjartatsbon.se\/wp-content\/uploads\/2023\/03\/Historisk-skiss-Kapitel-6-Antik-filosofi.jpg 800w, https:\/\/www.hjartatsbon.se\/wp-content\/uploads\/2023\/03\/Historisk-skiss-Kapitel-6-Antik-filosofi-300x300.jpg 300w, https:\/\/www.hjartatsbon.se\/wp-content\/uploads\/2023\/03\/Historisk-skiss-Kapitel-6-Antik-filosofi-150x150.jpg 150w, https:\/\/www.hjartatsbon.se\/wp-content\/uploads\/2023\/03\/Historisk-skiss-Kapitel-6-Antik-filosofi-768x768.jpg 768w\" sizes=\"(max-width: 800px) 100vw, 800px\" \/><\/figure>\n\n\n\n<figure class=\"wp-block-image size-full\"><img loading=\"lazy\" decoding=\"async\" width=\"800\" height=\"800\" src=\"https:\/\/www.hjartatsbon.se\/wp-content\/uploads\/2023\/03\/Historisk-skiss-Kapitel-7-Den-tredelade-sjalen.jpg\" alt=\"\" class=\"wp-image-1428\" srcset=\"https:\/\/www.hjartatsbon.se\/wp-content\/uploads\/2023\/03\/Historisk-skiss-Kapitel-7-Den-tredelade-sjalen.jpg 800w, https:\/\/www.hjartatsbon.se\/wp-content\/uploads\/2023\/03\/Historisk-skiss-Kapitel-7-Den-tredelade-sjalen-300x300.jpg 300w, https:\/\/www.hjartatsbon.se\/wp-content\/uploads\/2023\/03\/Historisk-skiss-Kapitel-7-Den-tredelade-sjalen-150x150.jpg 150w, https:\/\/www.hjartatsbon.se\/wp-content\/uploads\/2023\/03\/Historisk-skiss-Kapitel-7-Den-tredelade-sjalen-768x768.jpg 768w\" sizes=\"(max-width: 800px) 100vw, 800px\" \/><\/figure>\n\n\n\n<figure class=\"wp-block-image size-full\"><img loading=\"lazy\" decoding=\"async\" width=\"800\" height=\"800\" src=\"https:\/\/www.hjartatsbon.se\/wp-content\/uploads\/2023\/03\/Historisk-skiss-Kapitel-8-Bysantinsk-hesychasm.jpg\" alt=\"\" class=\"wp-image-1429\" srcset=\"https:\/\/www.hjartatsbon.se\/wp-content\/uploads\/2023\/03\/Historisk-skiss-Kapitel-8-Bysantinsk-hesychasm.jpg 800w, https:\/\/www.hjartatsbon.se\/wp-content\/uploads\/2023\/03\/Historisk-skiss-Kapitel-8-Bysantinsk-hesychasm-300x300.jpg 300w, https:\/\/www.hjartatsbon.se\/wp-content\/uploads\/2023\/03\/Historisk-skiss-Kapitel-8-Bysantinsk-hesychasm-150x150.jpg 150w, https:\/\/www.hjartatsbon.se\/wp-content\/uploads\/2023\/03\/Historisk-skiss-Kapitel-8-Bysantinsk-hesychasm-768x768.jpg 768w\" sizes=\"(max-width: 800px) 100vw, 800px\" \/><\/figure>\n\n\n\n<figure class=\"wp-block-image size-full\"><img loading=\"lazy\" decoding=\"async\" width=\"800\" height=\"800\" src=\"https:\/\/www.hjartatsbon.se\/wp-content\/uploads\/2023\/03\/Historisk-skiss-Kapitel-9-Europeisk-renassansmystik.jpg\" alt=\"\" class=\"wp-image-1430\" srcset=\"https:\/\/www.hjartatsbon.se\/wp-content\/uploads\/2023\/03\/Historisk-skiss-Kapitel-9-Europeisk-renassansmystik.jpg 800w, https:\/\/www.hjartatsbon.se\/wp-content\/uploads\/2023\/03\/Historisk-skiss-Kapitel-9-Europeisk-renassansmystik-300x300.jpg 300w, https:\/\/www.hjartatsbon.se\/wp-content\/uploads\/2023\/03\/Historisk-skiss-Kapitel-9-Europeisk-renassansmystik-150x150.jpg 150w, https:\/\/www.hjartatsbon.se\/wp-content\/uploads\/2023\/03\/Historisk-skiss-Kapitel-9-Europeisk-renassansmystik-768x768.jpg 768w\" sizes=\"(max-width: 800px) 100vw, 800px\" \/><\/figure>\n\n\n\n<p><\/p>\n\n\n\n<figure class=\"wp-block-image size-full\"><img loading=\"lazy\" decoding=\"async\" width=\"800\" height=\"800\" src=\"https:\/\/www.hjartatsbon.se\/wp-content\/uploads\/2023\/03\/Historisk-skiss-Kapitel-10-Tysk-mystik-reformationen.jpg\" alt=\"\" class=\"wp-image-1431\" srcset=\"https:\/\/www.hjartatsbon.se\/wp-content\/uploads\/2023\/03\/Historisk-skiss-Kapitel-10-Tysk-mystik-reformationen.jpg 800w, https:\/\/www.hjartatsbon.se\/wp-content\/uploads\/2023\/03\/Historisk-skiss-Kapitel-10-Tysk-mystik-reformationen-300x300.jpg 300w, https:\/\/www.hjartatsbon.se\/wp-content\/uploads\/2023\/03\/Historisk-skiss-Kapitel-10-Tysk-mystik-reformationen-150x150.jpg 150w, https:\/\/www.hjartatsbon.se\/wp-content\/uploads\/2023\/03\/Historisk-skiss-Kapitel-10-Tysk-mystik-reformationen-768x768.jpg 768w\" sizes=\"(max-width: 800px) 100vw, 800px\" \/><\/figure>\n\n\n\n<figure class=\"wp-block-image size-full\"><img loading=\"lazy\" decoding=\"async\" width=\"800\" height=\"800\" src=\"https:\/\/www.hjartatsbon.se\/wp-content\/uploads\/2023\/03\/Historisk-skiss-Kapitel-11-Tradar-knyts-ihop.jpg\" alt=\"\" class=\"wp-image-1432\" srcset=\"https:\/\/www.hjartatsbon.se\/wp-content\/uploads\/2023\/03\/Historisk-skiss-Kapitel-11-Tradar-knyts-ihop.jpg 800w, https:\/\/www.hjartatsbon.se\/wp-content\/uploads\/2023\/03\/Historisk-skiss-Kapitel-11-Tradar-knyts-ihop-300x300.jpg 300w, https:\/\/www.hjartatsbon.se\/wp-content\/uploads\/2023\/03\/Historisk-skiss-Kapitel-11-Tradar-knyts-ihop-150x150.jpg 150w, https:\/\/www.hjartatsbon.se\/wp-content\/uploads\/2023\/03\/Historisk-skiss-Kapitel-11-Tradar-knyts-ihop-768x768.jpg 768w\" sizes=\"(max-width: 800px) 100vw, 800px\" \/><\/figure>\n\n\n\n<p><\/p>\n","protected":false},"excerpt":{"rendered":"<p>Lyssna p\u00e5 en introduktion! Nu finns ett omfattande material om Hj\u00e4rtats b\u00f6n publicerat p\u00e5 en f\u00f6r \u00e4ndam\u00e5let ny podcastkanal. I&hellip;<\/p>\n","protected":false},"author":1,"featured_media":0,"parent":0,"menu_order":0,"comment_status":"closed","ping_status":"closed","template":"","meta":{"footnotes":""},"class_list":["post-543","page","type-page","status-publish","hentry"],"_links":{"self":[{"href":"https:\/\/www.hjartatsbon.se\/index.php\/wp-json\/wp\/v2\/pages\/543","targetHints":{"allow":["GET"]}}],"collection":[{"href":"https:\/\/www.hjartatsbon.se\/index.php\/wp-json\/wp\/v2\/pages"}],"about":[{"href":"https:\/\/www.hjartatsbon.se\/index.php\/wp-json\/wp\/v2\/types\/page"}],"author":[{"embeddable":true,"href":"https:\/\/www.hjartatsbon.se\/index.php\/wp-json\/wp\/v2\/users\/1"}],"replies":[{"embeddable":true,"href":"https:\/\/www.hjartatsbon.se\/index.php\/wp-json\/wp\/v2\/comments?post=543"}],"version-history":[{"count":56,"href":"https:\/\/www.hjartatsbon.se\/index.php\/wp-json\/wp\/v2\/pages\/543\/revisions"}],"predecessor-version":[{"id":1702,"href":"https:\/\/www.hjartatsbon.se\/index.php\/wp-json\/wp\/v2\/pages\/543\/revisions\/1702"}],"wp:attachment":[{"href":"https:\/\/www.hjartatsbon.se\/index.php\/wp-json\/wp\/v2\/media?parent=543"}],"curies":[{"name":"wp","href":"https:\/\/api.w.org\/{rel}","templated":true}]}}