{"id":267,"date":"2021-01-06T10:03:16","date_gmt":"2021-01-06T09:03:16","guid":{"rendered":"http:\/\/mystikpodden.se\/?page_id=267"},"modified":"2026-02-07T17:55:47","modified_gmt":"2026-02-07T16:55:47","slug":"avsnittsarkiv","status":"publish","type":"page","link":"https:\/\/www.hjartatsbon.se\/index.php\/avsnittsarkiv\/","title":{"rendered":"Den f\u00f6rdolda v\u00e4rlden \u2013 s\u00e4song 1"},"content":{"rendered":"\n<p>Nedan kan du se en f\u00f6rteckning \u00f6ver avsnitten i poddens f\u00f6rsta s\u00e4song, som s\u00e4ndes under sommaren 2021. Du finner den i de flesta popul\u00e4ra podcastappar under namnet &#8221;Den f\u00f6rdolda v\u00e4rlden&#8221;. Allt inneh\u00e5ll och redaktionellt arbete f\u00f6r podden g\u00f6rs p\u00e5 ideell basis.<\/p>\n\n\n\n<p><strong>B\u00f6cker som tas upp i s\u00e4song 1:<\/strong><br>&#8221;<em>En \u00e4del liten bok \/ Theologia Germanica&#8221;<br><\/em>Hjalmar Ekstr\u00f6m &#8211; &#8221;<em>Hj\u00e4lpl\u00f6shetens evangelium<\/em>&#8221;<br>&#8221;<em>Molnet \/ Ickevetandets moln&#8221;<\/em><br>Gregorius av Nyssa &#8211; <em>&#8221;Mose liv<\/em>&#8221;<\/p>\n\n\n\n<p>Den viktigaste sidoresursen till podden \u00e4r v\u00e5rt <a rel=\"noreferrer noopener\" href=\"https:\/\/www.instagram.com\/sallskapetnous\/\" data-type=\"URL\" data-id=\"https:\/\/www.instagram.com\/sallskapetnous\/\" target=\"_blank\">instagragramkonto<\/a>. Du kan hitta sidomaterial till avsnitten genom l\u00e4nkar som finns i textfl\u00f6det till varje avsnitt. Ordf\u00f6rklaringar till n\u00e5gra av de f\u00f6rsta avsnitten finner du <a href=\"https:\/\/www.hjartatsbon.se\/index.php\/den-fordolda-varlden\/\">h\u00e4r<\/a>.<\/p>\n\n\n\n<figure class=\"wp-block-image size-large\"><img fetchpriority=\"high\" decoding=\"async\" width=\"800\" height=\"800\" src=\"https:\/\/hjartatsbon.se\/wp-content\/uploads\/2021\/05\/Forord-1.jpg\" alt=\"\" class=\"wp-image-674\" srcset=\"https:\/\/www.hjartatsbon.se\/wp-content\/uploads\/2021\/05\/Forord-1.jpg 800w, https:\/\/www.hjartatsbon.se\/wp-content\/uploads\/2021\/05\/Forord-1-300x300.jpg 300w, https:\/\/www.hjartatsbon.se\/wp-content\/uploads\/2021\/05\/Forord-1-150x150.jpg 150w, https:\/\/www.hjartatsbon.se\/wp-content\/uploads\/2021\/05\/Forord-1-768x768.jpg 768w\" sizes=\"(max-width: 800px) 100vw, 800px\" \/><\/figure>\n\n\n\n<figure class=\"wp-block-image size-large\"><img decoding=\"async\" width=\"800\" height=\"800\" src=\"https:\/\/hjartatsbon.se\/wp-content\/uploads\/2021\/05\/Luthersk-mystik-3-1.jpg\" alt=\"\" class=\"wp-image-648\" srcset=\"https:\/\/www.hjartatsbon.se\/wp-content\/uploads\/2021\/05\/Luthersk-mystik-3-1.jpg 800w, https:\/\/www.hjartatsbon.se\/wp-content\/uploads\/2021\/05\/Luthersk-mystik-3-1-300x300.jpg 300w, https:\/\/www.hjartatsbon.se\/wp-content\/uploads\/2021\/05\/Luthersk-mystik-3-1-150x150.jpg 150w, https:\/\/www.hjartatsbon.se\/wp-content\/uploads\/2021\/05\/Luthersk-mystik-3-1-768x768.jpg 768w\" sizes=\"(max-width: 800px) 100vw, 800px\" \/><\/figure>\n\n\n\n<figure class=\"wp-block-image size-large\"><img decoding=\"async\" width=\"800\" height=\"800\" src=\"https:\/\/hjartatsbon.se\/wp-content\/uploads\/2021\/05\/Jaget-ar-problemet-4-1.jpg\" alt=\"\" class=\"wp-image-689\" srcset=\"https:\/\/www.hjartatsbon.se\/wp-content\/uploads\/2021\/05\/Jaget-ar-problemet-4-1.jpg 800w, https:\/\/www.hjartatsbon.se\/wp-content\/uploads\/2021\/05\/Jaget-ar-problemet-4-1-300x300.jpg 300w, https:\/\/www.hjartatsbon.se\/wp-content\/uploads\/2021\/05\/Jaget-ar-problemet-4-1-150x150.jpg 150w, https:\/\/www.hjartatsbon.se\/wp-content\/uploads\/2021\/05\/Jaget-ar-problemet-4-1-768x768.jpg 768w\" sizes=\"(max-width: 800px) 100vw, 800px\" \/><\/figure>\n\n\n\n<figure class=\"wp-block-image size-large\"><img loading=\"lazy\" decoding=\"async\" width=\"800\" height=\"800\" src=\"https:\/\/hjartatsbon.se\/wp-content\/uploads\/2021\/05\/Det-mystika-livet.jpg\" alt=\"\" class=\"wp-image-636\" srcset=\"https:\/\/www.hjartatsbon.se\/wp-content\/uploads\/2021\/05\/Det-mystika-livet.jpg 800w, https:\/\/www.hjartatsbon.se\/wp-content\/uploads\/2021\/05\/Det-mystika-livet-300x300.jpg 300w, https:\/\/www.hjartatsbon.se\/wp-content\/uploads\/2021\/05\/Det-mystika-livet-150x150.jpg 150w, https:\/\/www.hjartatsbon.se\/wp-content\/uploads\/2021\/05\/Det-mystika-livet-768x768.jpg 768w\" sizes=\"(max-width: 800px) 100vw, 800px\" \/><\/figure>\n\n\n\n<figure class=\"wp-block-image size-large\"><img loading=\"lazy\" decoding=\"async\" width=\"800\" height=\"800\" src=\"https:\/\/hjartatsbon.se\/wp-content\/uploads\/2021\/05\/Signaturen-E.jpg\" alt=\"\" class=\"wp-image-646\" srcset=\"https:\/\/www.hjartatsbon.se\/wp-content\/uploads\/2021\/05\/Signaturen-E.jpg 800w, https:\/\/www.hjartatsbon.se\/wp-content\/uploads\/2021\/05\/Signaturen-E-300x300.jpg 300w, https:\/\/www.hjartatsbon.se\/wp-content\/uploads\/2021\/05\/Signaturen-E-150x150.jpg 150w, https:\/\/www.hjartatsbon.se\/wp-content\/uploads\/2021\/05\/Signaturen-E-768x768.jpg 768w\" sizes=\"(max-width: 800px) 100vw, 800px\" \/><\/figure>\n\n\n\n<figure class=\"wp-block-image size-large\"><img loading=\"lazy\" decoding=\"async\" width=\"800\" height=\"800\" src=\"https:\/\/hjartatsbon.se\/wp-content\/uploads\/2021\/05\/Enfaldighet.jpg\" alt=\"\" class=\"wp-image-637\" srcset=\"https:\/\/www.hjartatsbon.se\/wp-content\/uploads\/2021\/05\/Enfaldighet.jpg 800w, https:\/\/www.hjartatsbon.se\/wp-content\/uploads\/2021\/05\/Enfaldighet-300x300.jpg 300w, https:\/\/www.hjartatsbon.se\/wp-content\/uploads\/2021\/05\/Enfaldighet-150x150.jpg 150w, https:\/\/www.hjartatsbon.se\/wp-content\/uploads\/2021\/05\/Enfaldighet-768x768.jpg 768w\" sizes=\"(max-width: 800px) 100vw, 800px\" \/><\/figure>\n\n\n\n<figure class=\"wp-block-image size-large\"><img loading=\"lazy\" decoding=\"async\" width=\"800\" height=\"800\" src=\"https:\/\/www.hjartatsbon.se\/wp-content\/uploads\/2021\/05\/Krona-Torne2-1.jpg\" alt=\"\" class=\"wp-image-743\" srcset=\"https:\/\/www.hjartatsbon.se\/wp-content\/uploads\/2021\/05\/Krona-Torne2-1.jpg 800w, https:\/\/www.hjartatsbon.se\/wp-content\/uploads\/2021\/05\/Krona-Torne2-1-300x300.jpg 300w, https:\/\/www.hjartatsbon.se\/wp-content\/uploads\/2021\/05\/Krona-Torne2-1-150x150.jpg 150w, https:\/\/www.hjartatsbon.se\/wp-content\/uploads\/2021\/05\/Krona-Torne2-1-768x768.jpg 768w\" sizes=\"(max-width: 800px) 100vw, 800px\" \/><\/figure>\n\n\n\n<figure class=\"wp-block-image size-large\"><img loading=\"lazy\" decoding=\"async\" width=\"800\" height=\"800\" src=\"https:\/\/hjartatsbon.se\/wp-content\/uploads\/2021\/05\/Ickevetandet.jpg\" alt=\"\" class=\"wp-image-640\" srcset=\"https:\/\/www.hjartatsbon.se\/wp-content\/uploads\/2021\/05\/Ickevetandet.jpg 800w, https:\/\/www.hjartatsbon.se\/wp-content\/uploads\/2021\/05\/Ickevetandet-300x300.jpg 300w, https:\/\/www.hjartatsbon.se\/wp-content\/uploads\/2021\/05\/Ickevetandet-150x150.jpg 150w, https:\/\/www.hjartatsbon.se\/wp-content\/uploads\/2021\/05\/Ickevetandet-768x768.jpg 768w\" sizes=\"(max-width: 800px) 100vw, 800px\" \/><\/figure>\n\n\n\n<figure class=\"wp-block-image size-large\"><img loading=\"lazy\" decoding=\"async\" width=\"800\" height=\"800\" src=\"https:\/\/hjartatsbon.se\/wp-content\/uploads\/2021\/05\/Karlekselden.jpg\" alt=\"\" class=\"wp-image-691\" srcset=\"https:\/\/www.hjartatsbon.se\/wp-content\/uploads\/2021\/05\/Karlekselden.jpg 800w, https:\/\/www.hjartatsbon.se\/wp-content\/uploads\/2021\/05\/Karlekselden-300x300.jpg 300w, https:\/\/www.hjartatsbon.se\/wp-content\/uploads\/2021\/05\/Karlekselden-150x150.jpg 150w, https:\/\/www.hjartatsbon.se\/wp-content\/uploads\/2021\/05\/Karlekselden-768x768.jpg 768w\" sizes=\"(max-width: 800px) 100vw, 800px\" \/><\/figure>\n\n\n\n<figure class=\"wp-block-image size-large\"><img loading=\"lazy\" decoding=\"async\" width=\"800\" height=\"800\" src=\"https:\/\/hjartatsbon.se\/wp-content\/uploads\/2021\/05\/Bortom-molnet-2.jpg\" alt=\"\" class=\"wp-image-635\" srcset=\"https:\/\/www.hjartatsbon.se\/wp-content\/uploads\/2021\/05\/Bortom-molnet-2.jpg 800w, https:\/\/www.hjartatsbon.se\/wp-content\/uploads\/2021\/05\/Bortom-molnet-2-300x300.jpg 300w, https:\/\/www.hjartatsbon.se\/wp-content\/uploads\/2021\/05\/Bortom-molnet-2-150x150.jpg 150w, https:\/\/www.hjartatsbon.se\/wp-content\/uploads\/2021\/05\/Bortom-molnet-2-768x768.jpg 768w\" sizes=\"(max-width: 800px) 100vw, 800px\" \/><\/figure>\n\n\n\n<figure class=\"wp-block-image size-large\"><img loading=\"lazy\" decoding=\"async\" width=\"800\" height=\"800\" src=\"https:\/\/www.hjartatsbon.se\/wp-content\/uploads\/2021\/05\/Nycklar-1.jpg\" alt=\"\" class=\"wp-image-734\" srcset=\"https:\/\/www.hjartatsbon.se\/wp-content\/uploads\/2021\/05\/Nycklar-1.jpg 800w, https:\/\/www.hjartatsbon.se\/wp-content\/uploads\/2021\/05\/Nycklar-1-300x300.jpg 300w, https:\/\/www.hjartatsbon.se\/wp-content\/uploads\/2021\/05\/Nycklar-1-150x150.jpg 150w, https:\/\/www.hjartatsbon.se\/wp-content\/uploads\/2021\/05\/Nycklar-1-768x768.jpg 768w\" sizes=\"(max-width: 800px) 100vw, 800px\" \/><\/figure>\n\n\n\n<figure class=\"wp-block-image size-large\"><img loading=\"lazy\" decoding=\"async\" width=\"800\" height=\"800\" src=\"https:\/\/www.hjartatsbon.se\/wp-content\/uploads\/2021\/05\/Brinnande-torne-1.jpg\" alt=\"\" class=\"wp-image-732\" srcset=\"https:\/\/www.hjartatsbon.se\/wp-content\/uploads\/2021\/05\/Brinnande-torne-1.jpg 800w, https:\/\/www.hjartatsbon.se\/wp-content\/uploads\/2021\/05\/Brinnande-torne-1-300x300.jpg 300w, https:\/\/www.hjartatsbon.se\/wp-content\/uploads\/2021\/05\/Brinnande-torne-1-150x150.jpg 150w, https:\/\/www.hjartatsbon.se\/wp-content\/uploads\/2021\/05\/Brinnande-torne-1-768x768.jpg 768w\" sizes=\"(max-width: 800px) 100vw, 800px\" \/><\/figure>\n\n\n\n<figure class=\"wp-block-image size-large\"><img loading=\"lazy\" decoding=\"async\" width=\"800\" height=\"800\" src=\"https:\/\/www.hjartatsbon.se\/wp-content\/uploads\/2021\/05\/Snoken-i-boken3.jpg\" alt=\"\" class=\"wp-image-736\" srcset=\"https:\/\/www.hjartatsbon.se\/wp-content\/uploads\/2021\/05\/Snoken-i-boken3.jpg 800w, https:\/\/www.hjartatsbon.se\/wp-content\/uploads\/2021\/05\/Snoken-i-boken3-300x300.jpg 300w, https:\/\/www.hjartatsbon.se\/wp-content\/uploads\/2021\/05\/Snoken-i-boken3-150x150.jpg 150w, https:\/\/www.hjartatsbon.se\/wp-content\/uploads\/2021\/05\/Snoken-i-boken3-768x768.jpg 768w\" sizes=\"(max-width: 800px) 100vw, 800px\" \/><\/figure>\n\n\n\n<figure class=\"wp-block-image size-large\"><img loading=\"lazy\" decoding=\"async\" width=\"800\" height=\"800\" src=\"https:\/\/hjartatsbon.se\/wp-content\/uploads\/2021\/05\/Exodus-med-brus.jpg\" alt=\"\" class=\"wp-image-693\" srcset=\"https:\/\/www.hjartatsbon.se\/wp-content\/uploads\/2021\/05\/Exodus-med-brus.jpg 800w, https:\/\/www.hjartatsbon.se\/wp-content\/uploads\/2021\/05\/Exodus-med-brus-300x300.jpg 300w, https:\/\/www.hjartatsbon.se\/wp-content\/uploads\/2021\/05\/Exodus-med-brus-150x150.jpg 150w, https:\/\/www.hjartatsbon.se\/wp-content\/uploads\/2021\/05\/Exodus-med-brus-768x768.jpg 768w\" sizes=\"(max-width: 800px) 100vw, 800px\" \/><\/figure>\n\n\n\n<figure class=\"wp-block-image size-full\"><img loading=\"lazy\" decoding=\"async\" width=\"800\" height=\"800\" src=\"https:\/\/www.hjartatsbon.se\/wp-content\/uploads\/2021\/08\/Den-tredelade-sjalen3.jpg\" alt=\"\" class=\"wp-image-904\" srcset=\"https:\/\/www.hjartatsbon.se\/wp-content\/uploads\/2021\/08\/Den-tredelade-sjalen3.jpg 800w, https:\/\/www.hjartatsbon.se\/wp-content\/uploads\/2021\/08\/Den-tredelade-sjalen3-300x300.jpg 300w, https:\/\/www.hjartatsbon.se\/wp-content\/uploads\/2021\/08\/Den-tredelade-sjalen3-150x150.jpg 150w, https:\/\/www.hjartatsbon.se\/wp-content\/uploads\/2021\/08\/Den-tredelade-sjalen3-768x768.jpg 768w\" sizes=\"(max-width: 800px) 100vw, 800px\" \/><\/figure>\n\n\n\n<figure class=\"wp-block-image size-large\"><img loading=\"lazy\" decoding=\"async\" width=\"800\" height=\"800\" src=\"https:\/\/hjartatsbon.se\/wp-content\/uploads\/2021\/05\/Morkret-pa-berget.jpg\" alt=\"\" class=\"wp-image-655\" srcset=\"https:\/\/www.hjartatsbon.se\/wp-content\/uploads\/2021\/05\/Morkret-pa-berget.jpg 800w, https:\/\/www.hjartatsbon.se\/wp-content\/uploads\/2021\/05\/Morkret-pa-berget-300x300.jpg 300w, https:\/\/www.hjartatsbon.se\/wp-content\/uploads\/2021\/05\/Morkret-pa-berget-150x150.jpg 150w, https:\/\/www.hjartatsbon.se\/wp-content\/uploads\/2021\/05\/Morkret-pa-berget-768x768.jpg 768w\" sizes=\"(max-width: 800px) 100vw, 800px\" \/><\/figure>\n\n\n\n<figure class=\"wp-block-image size-large\"><img loading=\"lazy\" decoding=\"async\" width=\"800\" height=\"800\" src=\"https:\/\/www.hjartatsbon.se\/wp-content\/uploads\/2021\/05\/Langtan-upp-och-ned3.jpg\" alt=\"\" class=\"wp-image-739\" srcset=\"https:\/\/www.hjartatsbon.se\/wp-content\/uploads\/2021\/05\/Langtan-upp-och-ned3.jpg 800w, https:\/\/www.hjartatsbon.se\/wp-content\/uploads\/2021\/05\/Langtan-upp-och-ned3-300x300.jpg 300w, https:\/\/www.hjartatsbon.se\/wp-content\/uploads\/2021\/05\/Langtan-upp-och-ned3-150x150.jpg 150w, https:\/\/www.hjartatsbon.se\/wp-content\/uploads\/2021\/05\/Langtan-upp-och-ned3-768x768.jpg 768w\" sizes=\"(max-width: 800px) 100vw, 800px\" \/><\/figure>\n\n\n\n<p><\/p>\n","protected":false},"excerpt":{"rendered":"<p>Nedan kan du se en f\u00f6rteckning \u00f6ver avsnitten i poddens f\u00f6rsta s\u00e4song, som s\u00e4ndes under sommaren 2021. Du finner den&hellip;<\/p>\n","protected":false},"author":1,"featured_media":0,"parent":0,"menu_order":0,"comment_status":"closed","ping_status":"closed","template":"","meta":{"footnotes":""},"class_list":["post-267","page","type-page","status-publish","hentry"],"_links":{"self":[{"href":"https:\/\/www.hjartatsbon.se\/index.php\/wp-json\/wp\/v2\/pages\/267","targetHints":{"allow":["GET"]}}],"collection":[{"href":"https:\/\/www.hjartatsbon.se\/index.php\/wp-json\/wp\/v2\/pages"}],"about":[{"href":"https:\/\/www.hjartatsbon.se\/index.php\/wp-json\/wp\/v2\/types\/page"}],"author":[{"embeddable":true,"href":"https:\/\/www.hjartatsbon.se\/index.php\/wp-json\/wp\/v2\/users\/1"}],"replies":[{"embeddable":true,"href":"https:\/\/www.hjartatsbon.se\/index.php\/wp-json\/wp\/v2\/comments?post=267"}],"version-history":[{"count":102,"href":"https:\/\/www.hjartatsbon.se\/index.php\/wp-json\/wp\/v2\/pages\/267\/revisions"}],"predecessor-version":[{"id":1794,"href":"https:\/\/www.hjartatsbon.se\/index.php\/wp-json\/wp\/v2\/pages\/267\/revisions\/1794"}],"wp:attachment":[{"href":"https:\/\/www.hjartatsbon.se\/index.php\/wp-json\/wp\/v2\/media?parent=267"}],"curies":[{"name":"wp","href":"https:\/\/api.w.org\/{rel}","templated":true}]}}