{"id":1646,"date":"2025-02-03T16:10:10","date_gmt":"2025-02-03T15:10:10","guid":{"rendered":"https:\/\/www.hjartatsbon.se\/?page_id=1646"},"modified":"2025-02-04T14:01:40","modified_gmt":"2025-02-04T13:01:40","slug":"mystagogiskt-larande-6","status":"publish","type":"page","link":"https:\/\/www.hjartatsbon.se\/index.php\/mystagogiskt-larande-6\/","title":{"rendered":"Mysta&shy;gogiskt l\u00e4rande"},"content":{"rendered":"\n<div class=\"wp-block-group\" style=\"padding-right:var(--wp--preset--spacing--20);padding-left:var(--wp--preset--spacing--20)\"><div class=\"wp-block-group__inner-container is-layout-constrained wp-container-core-group-is-layout-56a9e311 wp-block-group-is-layout-constrained\">\n<p class=\"has-text-align-center\" style=\"font-size:25px\">V\u00e4lkommen att samverka i v\u00e5rt n\u00e4tverk!<\/p>\n\n\n\n<p>Om du vill delta i n\u00e4tverkets verksamhet \u00e4r f\u00f6rsta steget att g\u00e5 med i v\u00e5r grupp p\u00e5 Teams. F\u00f6r att g\u00f6ra detta <a href=\"https:\/\/www.svenskakyrkan.se\/lugnas-ullervad\/personal\" data-type=\"link\" data-id=\"https:\/\/www.svenskakyrkan.se\/lugnas-ullervad\/personal\" target=\"_blank\" rel=\"noreferrer noopener\">mailar du v\u00e5r ordf\u00f6rande Josef Moe-Ekesryd genom kontaktv\u00e4garna p\u00e5 f\u00f6rsamlingssidan d\u00e4r han har sin tj\u00e4nst.<\/a> Maila med ditt @svenskakyrkan.se-konto. Om du inte har en s\u00e5dan email uppger du ist\u00e4llet den email som \u00e4r knuten till ditt Microsoftkonto. <\/p>\n\n\n\n<p>Om du inte har Teams laddar du ned det till din android eller iphone genom tj\u00e4nsten du anv\u00e4nder f\u00f6r att f\u00e5 tillg\u00e5ng till appar. Ladda ner en <a href=\"https:\/\/www.microsoft.com\/en-us\/microsoft-teams\/free\" data-type=\"link\" data-id=\"https:\/\/www.microsoft.com\/en-us\/microsoft-teams\/free\" target=\"_blank\" rel=\"noreferrer noopener\">gratisversion av Teams till windows h\u00e4r<\/a> om du vill installera p\u00e5 din dator. Genom Teams i mobil eller datorn kan du skapa ett Microsoftkonto om du ej har n\u00e5got s\u00e5dant. <\/p>\n\n\n\n<p>I samband med att du f\u00e5r tillg\u00e5ng till v\u00e5r grupp i Teams beh\u00f6ver du ocks\u00e5 l\u00f6sa medlemskap och d\u00e4rmed r\u00f6str\u00e4tt i n\u00e4tverket. Den nuvarande ordningen \u00e4r att du l\u00f6ser ett livstidsmedlemskap. Kostnad 100sek. <\/p>\n\n\n\n<p>F\u00f6r att bli medlem kr\u00e4vs att du \u00e4r medlem i Svenska kyrkan.<\/p>\n<\/div><\/div>\n","protected":false},"excerpt":{"rendered":"<p>V\u00e4lkommen att samverka i v\u00e5rt n\u00e4tverk! Om du vill delta i n\u00e4tverkets verksamhet \u00e4r f\u00f6rsta steget att g\u00e5 med i&hellip;<\/p>\n","protected":false},"author":1,"featured_media":0,"parent":0,"menu_order":0,"comment_status":"closed","ping_status":"closed","template":"","meta":{"footnotes":""},"class_list":["post-1646","page","type-page","status-publish","hentry"],"_links":{"self":[{"href":"https:\/\/www.hjartatsbon.se\/index.php\/wp-json\/wp\/v2\/pages\/1646","targetHints":{"allow":["GET"]}}],"collection":[{"href":"https:\/\/www.hjartatsbon.se\/index.php\/wp-json\/wp\/v2\/pages"}],"about":[{"href":"https:\/\/www.hjartatsbon.se\/index.php\/wp-json\/wp\/v2\/types\/page"}],"author":[{"embeddable":true,"href":"https:\/\/www.hjartatsbon.se\/index.php\/wp-json\/wp\/v2\/users\/1"}],"replies":[{"embeddable":true,"href":"https:\/\/www.hjartatsbon.se\/index.php\/wp-json\/wp\/v2\/comments?post=1646"}],"version-history":[{"count":4,"href":"https:\/\/www.hjartatsbon.se\/index.php\/wp-json\/wp\/v2\/pages\/1646\/revisions"}],"predecessor-version":[{"id":1658,"href":"https:\/\/www.hjartatsbon.se\/index.php\/wp-json\/wp\/v2\/pages\/1646\/revisions\/1658"}],"wp:attachment":[{"href":"https:\/\/www.hjartatsbon.se\/index.php\/wp-json\/wp\/v2\/media?parent=1646"}],"curies":[{"name":"wp","href":"https:\/\/api.w.org\/{rel}","templated":true}]}}