{"id":1640,"date":"2025-02-03T15:45:20","date_gmt":"2025-02-03T14:45:20","guid":{"rendered":"https:\/\/www.hjartatsbon.se\/?page_id=1640"},"modified":"2026-02-07T18:08:34","modified_gmt":"2026-02-07T17:08:34","slug":"mystagogiskt-larande-5","status":"publish","type":"page","link":"https:\/\/www.hjartatsbon.se\/index.php\/mystagogiskt-larande-5\/","title":{"rendered":"Mysta\u00ad\u00ad&shy;gogiskt l\u00e4rande \u2013 konferens 2026 &#038; 2027"},"content":{"rendered":"\n<div class=\"wp-block-group\" style=\"padding-right:var(--wp--preset--spacing--20);padding-left:var(--wp--preset--spacing--20)\"><div class=\"wp-block-group__inner-container is-layout-constrained wp-container-core-group-is-layout-56a9e311 wp-block-group-is-layout-constrained\">\n<p class=\"has-text-align-center\" style=\"font-size:25px\">Konferensen f\u00f6r mystagogiskt l\u00e4rande 2026 &amp; 2027<\/p>\n\n\n\n<p>Platserna till v\u00e5ra konferenser har tidigare tagit slut varf\u00f6r vi gjort det m\u00f6jligt att f\u00f6ranm\u00e4la intresse. Om du f\u00f6ranm\u00e4ler intresse f\u00e5r du ett utskick f\u00f6re alla andra n\u00e4r det \u00e4r dags att anm\u00e4la sig till konferensen. <\/p>\n\n\n\n<p><strong>2026 \u00e5rs konferens<\/strong> \u00e4r m\u00f6jlig att anm\u00e4la sig till h\u00e4r:<br><a href=\"https:\/\/www.fjellstedtska.se\/teologi-och-bibel\/konferens-f%C3%B6r-mystagogiskt-l%C3%A4rande-46553369\">Konferens f\u00f6r mystagogiskt l\u00e4rande | Stiftelsen Fjellstedtska skolan<\/a><\/p>\n\n\n\n<p>Nedanst\u00e5ende formul\u00e4r \u00e4r intresseanm\u00e4lan om att delta i <strong>2027 \u00e5rs konferens:<\/strong><\/p>\n\n\n\n<div class=\"forminator-guttenberg\"><div class=\"forminator-ui forminator-custom-form forminator-custom-form-1641 forminator-design--default  forminator_ajax\" data-forminator-render=\"0\" data-form=\"forminator-module-1641\" data-uid=\"69dc20a85dfeb\"><br\/><\/div><form\n\t\t\t\tid=\"forminator-module-1641\"\n\t\t\t\tclass=\"forminator-ui forminator-custom-form forminator-custom-form-1641 forminator-design--default  forminator_ajax\"\n\t\t\t\tmethod=\"post\"\n\t\t\t\tdata-forminator-render=\"0\"\n\t\t\t\tdata-form-id=\"1641\"\n\t\t\t\t data-color-option=\"theme\" data-design=\"default\" data-grid=\"open\" style=\"display: none;\"\n\t\t\t\tdata-uid=\"69dc20a85dfeb\"\n\t\t\t><div role=\"alert\" aria-live=\"polite\" class=\"forminator-response-message forminator-error\" aria-hidden=\"true\"><\/div><div class=\"forminator-row\"><div id=\"name-1\" class=\"forminator-field-name forminator-col forminator-col-12 \"><div class=\"forminator-field\"><label for=\"forminator-field-name-1_69dc20a85dfeb\" id=\"forminator-field-name-1_69dc20a85dfeb-label\" class=\"forminator-label\">Namn och efternamn<\/label><input type=\"text\" name=\"name-1\" value=\"\" placeholder=\"\" id=\"forminator-field-name-1_69dc20a85dfeb\" class=\"forminator-input forminator-name--field\" aria-required=\"false\" autocomplete=\"name\" \/><\/div><\/div><\/div><div class=\"forminator-row\"><div id=\"email-1\" class=\"forminator-field-email forminator-col forminator-col-12 \"><div class=\"forminator-field\"><label for=\"forminator-field-email-1_69dc20a85dfeb\" id=\"forminator-field-email-1_69dc20a85dfeb-label\" class=\"forminator-label\">Din emailadress<\/label><input type=\"email\" name=\"email-1\" value=\"\" placeholder=\"\" id=\"forminator-field-email-1_69dc20a85dfeb\" class=\"forminator-input forminator-email--field\" data-required=\"\" aria-required=\"false\" autocomplete=\"email\" \/><\/div><\/div><\/div><div class=\"forminator-row\"><div id=\"text-1\" class=\"forminator-field-text forminator-col forminator-col-12 \"><div class=\"forminator-field\"><label for=\"forminator-field-text-1_69dc20a85dfeb\" id=\"forminator-field-text-1_69dc20a85dfeb-label\" class=\"forminator-label\">F\u00f6rsamling<\/label><input type=\"text\" name=\"text-1\" value=\"\" placeholder=\"\" id=\"forminator-field-text-1_69dc20a85dfeb\" class=\"forminator-input forminator-name--field\" data-required=\"\" \/><\/div><\/div><\/div><div class=\"forminator-row\"><div id=\"select-1\" class=\"forminator-field-select forminator-col forminator-col-12 \"><div class=\"forminator-field\"><label for=\"forminator-form-1641__field--select-1_69dc20a85dfeb\" id=\"forminator-form-1641__field--select-1_69dc20a85dfeb-label\" class=\"forminator-label\">Har du tj\u00e4nst i Svenska kyrkan eller \u00e4r du student? Klicka f\u00f6r att v\u00e4lja.<\/label><select  id=\"forminator-form-1641__field--select-1_69dc20a85dfeb\" class=\"forminator-select--field forminator-select2 forminator-select2-multiple\" data-required=\"\" name=\"select-1\" data-default-value=\"\" data-hidden-behavior=\"zero\" data-placeholder=\"\" data-search=\"false\" data-search-placeholder=\"\" data-checkbox=\"false\" data-allow-clear=\"false\" aria-labelledby=\"forminator-form-1641__field--select-1_69dc20a85dfeb-label\"><option value=\"one\"  data-calculation=\"0\">Pr\u00e4st, diakon eller pedagog med 100% anst\u00e4llning i Svenska kyrkan<\/option><option value=\"two\"  data-calculation=\"0\">Student, pr\u00e4st\/diakonkandidat<\/option><\/select><\/div><\/div><\/div><input type=\"hidden\" name=\"referer_url\" value=\"\" \/><div class=\"forminator-row forminator-row-last\"><div class=\"forminator-col\"><div class=\"forminator-field\"><button class=\"forminator-button forminator-button-submit\">F&ouml;ranm&auml;l intresse till konferensen<\/button><\/div><\/div><\/div><input type=\"hidden\" id=\"forminator_nonce\" name=\"forminator_nonce\" value=\"29eb0a8163\" \/><input type=\"hidden\" name=\"_wp_http_referer\" value=\"\/index.php\/wp-json\/wp\/v2\/pages\/1640\" \/><input type=\"hidden\" name=\"form_id\" value=\"1641\"><input type=\"hidden\" name=\"page_id\" value=\"1640\"><input type=\"hidden\" name=\"form_type\" value=\"default\"><input type=\"hidden\" name=\"current_url\" value=\"https:\/\/www.hjartatsbon.se\/index.php\/mystagogiskt-larande-5\/\"><input type=\"hidden\" name=\"render_id\" value=\"0\"><input type=\"hidden\" name=\"action\" value=\"forminator_submit_form_custom-forms\"><\/form><\/div>\n<\/div><\/div>\n\n\n\n<p><\/p>\n","protected":false},"excerpt":{"rendered":"<p>Konferensen f\u00f6r mystagogiskt l\u00e4rande 2026 &amp; 2027 Platserna till v\u00e5ra konferenser har tidigare tagit slut varf\u00f6r vi gjort det m\u00f6jligt&hellip;<\/p>\n","protected":false},"author":1,"featured_media":0,"parent":0,"menu_order":0,"comment_status":"closed","ping_status":"closed","template":"","meta":{"footnotes":""},"class_list":["post-1640","page","type-page","status-publish","hentry"],"_links":{"self":[{"href":"https:\/\/www.hjartatsbon.se\/index.php\/wp-json\/wp\/v2\/pages\/1640","targetHints":{"allow":["GET"]}}],"collection":[{"href":"https:\/\/www.hjartatsbon.se\/index.php\/wp-json\/wp\/v2\/pages"}],"about":[{"href":"https:\/\/www.hjartatsbon.se\/index.php\/wp-json\/wp\/v2\/types\/page"}],"author":[{"embeddable":true,"href":"https:\/\/www.hjartatsbon.se\/index.php\/wp-json\/wp\/v2\/users\/1"}],"replies":[{"embeddable":true,"href":"https:\/\/www.hjartatsbon.se\/index.php\/wp-json\/wp\/v2\/comments?post=1640"}],"version-history":[{"count":7,"href":"https:\/\/www.hjartatsbon.se\/index.php\/wp-json\/wp\/v2\/pages\/1640\/revisions"}],"predecessor-version":[{"id":1804,"href":"https:\/\/www.hjartatsbon.se\/index.php\/wp-json\/wp\/v2\/pages\/1640\/revisions\/1804"}],"wp:attachment":[{"href":"https:\/\/www.hjartatsbon.se\/index.php\/wp-json\/wp\/v2\/media?parent=1640"}],"curies":[{"name":"wp","href":"https:\/\/api.w.org\/{rel}","templated":true}]}}