{"id":1603,"date":"2025-02-03T11:59:54","date_gmt":"2025-02-03T10:59:54","guid":{"rendered":"https:\/\/www.hjartatsbon.se\/?page_id=1603"},"modified":"2025-09-30T10:07:01","modified_gmt":"2025-09-30T08:07:01","slug":"hjartats-bon-7","status":"publish","type":"page","link":"https:\/\/www.hjartatsbon.se\/index.php\/hjartats-bon-7\/","title":{"rendered":"Hj\u00e4rtats b\u00f6n"},"content":{"rendered":"\n<div class=\"wp-block-group\" style=\"padding-right:var(--wp--preset--spacing--20);padding-left:var(--wp--preset--spacing--20)\"><div class=\"wp-block-group__inner-container is-layout-constrained wp-container-core-group-is-layout-56a9e311 wp-block-group-is-layout-constrained\">\n<p class=\"has-text-align-center\" style=\"font-size:25px\">Intresseanm\u00e4lan f\u00f6r framtida utbildningsdagar<\/p>\n\n\n\n<div style=\"height:11px\" aria-hidden=\"true\" class=\"wp-block-spacer\"><\/div>\n<\/div><\/div>\n\n\n\n<div class=\"wp-block-group\" style=\"padding-right:var(--wp--preset--spacing--20);padding-left:var(--wp--preset--spacing--20)\"><div class=\"wp-block-group__inner-container is-layout-constrained wp-container-core-group-is-layout-56a9e311 wp-block-group-is-layout-constrained\">\n<p><strong>V\u00e4gledarutbildning i Hj\u00e4rtats b\u00f6n<\/strong><br>Vill du vara med p\u00e5 en framtida V\u00e4gledarutbildning? Anm\u00e4l ditt intresse redan nu!<\/p>\n\n\n\n<p>I september 2025 genomf\u00f6rdes den f\u00f6rsta v\u00e4gledarutbildningen i Hj\u00e4rtats b\u00f6n. Under tv\u00e5 dagar rustades deltagare genom meditation och seminarier samt rusta er att h\u00e5lla i lokalgrupperna, b\u00e5de vad g\u00e4ller introduktion, v\u00e4gledning och personlig f\u00f6rankring i traditionerna. P\u00e5 <a href=\"https:\/\/www.instagram.com\/p\/DPMC8h_CLRV\/?hl=ne&amp;img_index=1\" data-type=\"link\" data-id=\"https:\/\/www.instagram.com\/p\/DPMC8h_CLRV\/?hl=ne&amp;img_index=1\">Carl Stattins instagram<\/a> finns bilder fr\u00e5n 2025 \u00e5rs utbildning.<\/p>\n\n\n\n<p>Intresseanm\u00e4lan \u00e4r <strong>inte bindande<\/strong>!<\/p>\n\n\n\n<div class=\"forminator-guttenberg\"><div class=\"forminator-ui forminator-custom-form forminator-custom-form-1619 forminator-design--bold  forminator_ajax\" data-forminator-render=\"0\" data-form=\"forminator-module-1619\" data-uid=\"69dc20b320b80\"><br\/><\/div><form\n\t\t\t\tid=\"forminator-module-1619\"\n\t\t\t\tclass=\"forminator-ui forminator-custom-form forminator-custom-form-1619 forminator-design--bold  forminator_ajax\"\n\t\t\t\tmethod=\"post\"\n\t\t\t\tdata-forminator-render=\"0\"\n\t\t\t\tdata-form-id=\"1619\"\n\t\t\t\t data-color-option=\"default\" data-design=\"bold\" data-grid=\"open\" style=\"display: none;\"\n\t\t\t\tdata-uid=\"69dc20b320b80\"\n\t\t\t><div role=\"alert\" aria-live=\"polite\" class=\"forminator-response-message forminator-error\" aria-hidden=\"true\"><\/div><div class=\"forminator-row\"><div id=\"name-1\" class=\"forminator-field-name forminator-col forminator-col-12 \"><div class=\"forminator-field\"><label for=\"forminator-field-name-1_69dc20b320b80\" id=\"forminator-field-name-1_69dc20b320b80-label\" class=\"forminator-label\">F\u00f6rnamn och efternamn<\/label><input type=\"text\" name=\"name-1\" value=\"\" placeholder=\"\" id=\"forminator-field-name-1_69dc20b320b80\" class=\"forminator-input forminator-name--field\" aria-required=\"false\" autocomplete=\"name\" \/><\/div><\/div><\/div><div class=\"forminator-row\"><div id=\"email-1\" class=\"forminator-field-email forminator-col forminator-col-12 \"><div class=\"forminator-field\"><label for=\"forminator-field-email-1_69dc20b320b80\" id=\"forminator-field-email-1_69dc20b320b80-label\" class=\"forminator-label\">Din email<\/label><input type=\"email\" name=\"email-1\" value=\"\" placeholder=\"\" id=\"forminator-field-email-1_69dc20b320b80\" class=\"forminator-input forminator-email--field\" data-required=\"\" aria-required=\"false\" autocomplete=\"email\" \/><\/div><\/div><\/div><div class=\"forminator-row\"><div id=\"select-1\" class=\"forminator-field-select forminator-col forminator-col-12 \"><div class=\"forminator-field\"><label for=\"forminator-form-1619__field--select-1_69dc20b320b80\" id=\"forminator-form-1619__field--select-1_69dc20b320b80-label\" class=\"forminator-label\">Matpreferens<\/label><select  id=\"forminator-form-1619__field--select-1_69dc20b320b80\" class=\"forminator-select--field forminator-select2 forminator-select2-multiple\" data-required=\"\" name=\"select-1\" data-default-value=\"\" data-hidden-behavior=\"zero\" data-placeholder=\"\" data-search=\"false\" data-search-placeholder=\"\" data-checkbox=\"false\" data-allow-clear=\"false\" aria-labelledby=\"forminator-form-1619__field--select-1_69dc20b320b80-label\"><option value=\"one\"  data-calculation=\"0\">Ingen matpreferens<\/option><option value=\"two\"  data-calculation=\"0\">Vegetariskt<\/option><option value=\"Veganskt\"  data-calculation=\"0\">Veganskt<\/option><\/select><\/div><\/div><\/div><div class=\"forminator-row\"><div id=\"text-1\" class=\"forminator-field-text forminator-col forminator-col-12 \"><div class=\"forminator-field\"><label for=\"forminator-field-text-1_69dc20b320b80\" id=\"forminator-field-text-1_69dc20b320b80-label\" class=\"forminator-label\">Allergier<\/label><input type=\"text\" name=\"text-1\" value=\"\" placeholder=\"V\u00e4nligen meddela oss dina allergier\" id=\"forminator-field-text-1_69dc20b320b80\" class=\"forminator-input forminator-name--field\" data-required=\"\" \/><\/div><\/div><\/div><div class=\"forminator-row\"><div id=\"text-2\" class=\"forminator-field-text forminator-col forminator-col-12 \"><div class=\"forminator-field\"><label for=\"forminator-field-text-2_69dc20b320b80\" id=\"forminator-field-text-2_69dc20b320b80-label\" class=\"forminator-label\">Varifr\u00e5n i landet kommer du?<\/label><input type=\"text\" name=\"text-2\" value=\"\" placeholder=\"\" id=\"forminator-field-text-2_69dc20b320b80\" class=\"forminator-input forminator-name--field\" data-required=\"\" \/><\/div><\/div><\/div><div class=\"forminator-row\"><div id=\"text-3\" class=\"forminator-field-text forminator-col forminator-col-12 \"><div class=\"forminator-field\"><label for=\"forminator-field-text-3_69dc20b320b80\" id=\"forminator-field-text-3_69dc20b320b80-label\" class=\"forminator-label\">N\u00e5got annat vi beh\u00f6ver k\u00e4nna till?<\/label><input type=\"text\" name=\"text-3\" value=\"\" placeholder=\"\" id=\"forminator-field-text-3_69dc20b320b80\" class=\"forminator-input forminator-name--field\" data-required=\"\" \/><\/div><\/div><\/div><input type=\"hidden\" name=\"referer_url\" value=\"\" \/><div class=\"forminator-row forminator-row-last\"><div class=\"forminator-col\"><div class=\"forminator-field\"><button class=\"forminator-button forminator-button-submit\">Bekr&auml;fta deltagande<\/button><\/div><\/div><\/div><input type=\"hidden\" id=\"forminator_nonce\" name=\"forminator_nonce\" value=\"d2cabe190e\" \/><input type=\"hidden\" name=\"_wp_http_referer\" value=\"\/index.php\/wp-json\/wp\/v2\/pages\/1603\" \/><input type=\"hidden\" name=\"form_id\" value=\"1619\"><input type=\"hidden\" name=\"page_id\" value=\"1603\"><input type=\"hidden\" name=\"form_type\" value=\"default\"><input type=\"hidden\" name=\"current_url\" value=\"https:\/\/www.hjartatsbon.se\/index.php\/hjartats-bon-7\/\"><input type=\"hidden\" name=\"render_id\" value=\"0\"><input type=\"hidden\" name=\"action\" value=\"forminator_submit_form_custom-forms\"><\/form><\/div>\n\n\n\n<p><\/p>\n<\/div><\/div>\n","protected":false},"excerpt":{"rendered":"<p>Intresseanm\u00e4lan f\u00f6r framtida utbildningsdagar V\u00e4gledarutbildning i Hj\u00e4rtats b\u00f6nVill du vara med p\u00e5 en framtida V\u00e4gledarutbildning? Anm\u00e4l ditt intresse redan nu!&hellip;<\/p>\n","protected":false},"author":1,"featured_media":0,"parent":0,"menu_order":0,"comment_status":"closed","ping_status":"closed","template":"","meta":{"footnotes":""},"class_list":["post-1603","page","type-page","status-publish","hentry"],"_links":{"self":[{"href":"https:\/\/www.hjartatsbon.se\/index.php\/wp-json\/wp\/v2\/pages\/1603","targetHints":{"allow":["GET"]}}],"collection":[{"href":"https:\/\/www.hjartatsbon.se\/index.php\/wp-json\/wp\/v2\/pages"}],"about":[{"href":"https:\/\/www.hjartatsbon.se\/index.php\/wp-json\/wp\/v2\/types\/page"}],"author":[{"embeddable":true,"href":"https:\/\/www.hjartatsbon.se\/index.php\/wp-json\/wp\/v2\/users\/1"}],"replies":[{"embeddable":true,"href":"https:\/\/www.hjartatsbon.se\/index.php\/wp-json\/wp\/v2\/comments?post=1603"}],"version-history":[{"count":35,"href":"https:\/\/www.hjartatsbon.se\/index.php\/wp-json\/wp\/v2\/pages\/1603\/revisions"}],"predecessor-version":[{"id":1729,"href":"https:\/\/www.hjartatsbon.se\/index.php\/wp-json\/wp\/v2\/pages\/1603\/revisions\/1729"}],"wp:attachment":[{"href":"https:\/\/www.hjartatsbon.se\/index.php\/wp-json\/wp\/v2\/media?parent=1603"}],"curies":[{"name":"wp","href":"https:\/\/api.w.org\/{rel}","templated":true}]}}