{"id":1226,"date":"2022-05-11T22:06:03","date_gmt":"2022-05-11T20:06:03","guid":{"rendered":"https:\/\/www.hjartatsbon.se\/?page_id=1226"},"modified":"2026-02-07T17:55:02","modified_gmt":"2026-02-07T16:55:02","slug":"den-fordolda-varlden-3","status":"publish","type":"page","link":"https:\/\/www.hjartatsbon.se\/index.php\/den-fordolda-varlden-3\/","title":{"rendered":"Den f\u00f6rdolda v\u00e4rlden"},"content":{"rendered":"\n<p>H\u00e4r \u00e4r en f\u00f6rteckning \u00f6ver samtliga avsnitt i s\u00e4song 2, som b\u00f6rjade s\u00e4ndas v\u00e5ren 2022. Du finner podden i de flesta popul\u00e4ra podcastappar under namnet &#8221;Den f\u00f6rdolda v\u00e4rlden&#8221;. Allt inneh\u00e5ll och redaktionellt arbete f\u00f6r podden g\u00f6rs p\u00e5 ideell basis.<\/p>\n\n\n\n<p><strong>N\u00e5gra av b\u00f6ckerna som tas upp i s\u00e4song 2:<br><\/strong>Tuomo Mannermaa &#8211; &#8221;<em>Christ Present in Faith<\/em>&#8221; resp. Bengt Hoffman &#8211; &#8221;<em>Hj\u00e4rtats teologi<\/em>&#8221;<br>Dionysios Areopagiten &#8211; &#8221;<em>Pseudo-Dionysios: The Complete Works<\/em>&#8221; (alt. <em>&#8221;Paradoxernas Gud<\/em>&#8221;)<br>Dag Hammarskj\u00f6ld &#8211; &#8221;<em>V\u00e4gm\u00e4rken<\/em>&#8221;<br>Gregorius av Nyssa &#8211; &#8221;<em>Homilies on the Song of Songs<\/em>&#8221; resp. Hjalmar Ekstr\u00f6m &#8211; &#8221;<em>Salomos H\u00f6ga visa<\/em>&#8221;<\/p>\n\n\n\n<p>Den viktigaste sidoresursen till podden \u00e4r v\u00e5rt <a rel=\"noreferrer noopener\" href=\"https:\/\/www.instagram.com\/sallskapetnous\/\" data-type=\"URL\" data-id=\"https:\/\/www.instagram.com\/sallskapetnous\/\" target=\"_blank\">instagragramkonto<\/a>. Du kan hitta sidomaterial till avsnitten genom l\u00e4nkar som finns i textfl\u00f6det till varje avsnitt.<\/p>\n\n\n\n<figure class=\"wp-block-image size-full\"><img fetchpriority=\"high\" decoding=\"async\" width=\"800\" height=\"800\" src=\"https:\/\/www.hjartatsbon.se\/wp-content\/uploads\/2022\/05\/Forord-sasong-4-1.jpg\" alt=\"\" class=\"wp-image-1243\" srcset=\"https:\/\/www.hjartatsbon.se\/wp-content\/uploads\/2022\/05\/Forord-sasong-4-1.jpg 800w, https:\/\/www.hjartatsbon.se\/wp-content\/uploads\/2022\/05\/Forord-sasong-4-1-300x300.jpg 300w, https:\/\/www.hjartatsbon.se\/wp-content\/uploads\/2022\/05\/Forord-sasong-4-1-150x150.jpg 150w, https:\/\/www.hjartatsbon.se\/wp-content\/uploads\/2022\/05\/Forord-sasong-4-1-768x768.jpg 768w\" sizes=\"(max-width: 800px) 100vw, 800px\" \/><\/figure>\n\n\n\n<figure class=\"wp-block-image size-full\"><img decoding=\"async\" width=\"800\" height=\"800\" src=\"https:\/\/www.hjartatsbon.se\/wp-content\/uploads\/2022\/05\/Luther-1-Den-bortglomda-gavan-2.jpg\" alt=\"\" class=\"wp-image-1227\" srcset=\"https:\/\/www.hjartatsbon.se\/wp-content\/uploads\/2022\/05\/Luther-1-Den-bortglomda-gavan-2.jpg 800w, https:\/\/www.hjartatsbon.se\/wp-content\/uploads\/2022\/05\/Luther-1-Den-bortglomda-gavan-2-300x300.jpg 300w, https:\/\/www.hjartatsbon.se\/wp-content\/uploads\/2022\/05\/Luther-1-Den-bortglomda-gavan-2-150x150.jpg 150w, https:\/\/www.hjartatsbon.se\/wp-content\/uploads\/2022\/05\/Luther-1-Den-bortglomda-gavan-2-768x768.jpg 768w\" sizes=\"(max-width: 800px) 100vw, 800px\" \/><\/figure>\n\n\n\n<figure class=\"wp-block-image size-full\"><img decoding=\"async\" width=\"800\" height=\"800\" src=\"https:\/\/www.hjartatsbon.se\/wp-content\/uploads\/2022\/05\/Luther-2-Andens-inre-bon-2.jpg\" alt=\"\" class=\"wp-image-1228\" srcset=\"https:\/\/www.hjartatsbon.se\/wp-content\/uploads\/2022\/05\/Luther-2-Andens-inre-bon-2.jpg 800w, https:\/\/www.hjartatsbon.se\/wp-content\/uploads\/2022\/05\/Luther-2-Andens-inre-bon-2-300x300.jpg 300w, https:\/\/www.hjartatsbon.se\/wp-content\/uploads\/2022\/05\/Luther-2-Andens-inre-bon-2-150x150.jpg 150w, https:\/\/www.hjartatsbon.se\/wp-content\/uploads\/2022\/05\/Luther-2-Andens-inre-bon-2-768x768.jpg 768w\" sizes=\"(max-width: 800px) 100vw, 800px\" \/><\/figure>\n\n\n\n<figure class=\"wp-block-image size-full\"><img loading=\"lazy\" decoding=\"async\" width=\"800\" height=\"800\" src=\"https:\/\/www.hjartatsbon.se\/wp-content\/uploads\/2022\/05\/Luther-3-Sommarangens-saga2.jpg\" alt=\"\" class=\"wp-image-1241\" srcset=\"https:\/\/www.hjartatsbon.se\/wp-content\/uploads\/2022\/05\/Luther-3-Sommarangens-saga2.jpg 800w, https:\/\/www.hjartatsbon.se\/wp-content\/uploads\/2022\/05\/Luther-3-Sommarangens-saga2-300x300.jpg 300w, https:\/\/www.hjartatsbon.se\/wp-content\/uploads\/2022\/05\/Luther-3-Sommarangens-saga2-150x150.jpg 150w, https:\/\/www.hjartatsbon.se\/wp-content\/uploads\/2022\/05\/Luther-3-Sommarangens-saga2-768x768.jpg 768w\" sizes=\"(max-width: 800px) 100vw, 800px\" \/><\/figure>\n\n\n\n<figure class=\"wp-block-image size-full\"><img loading=\"lazy\" decoding=\"async\" width=\"800\" height=\"800\" src=\"https:\/\/www.hjartatsbon.se\/wp-content\/uploads\/2022\/05\/Dionysios-1-Dionysios-2.jpg\" alt=\"\" class=\"wp-image-1300\" srcset=\"https:\/\/www.hjartatsbon.se\/wp-content\/uploads\/2022\/05\/Dionysios-1-Dionysios-2.jpg 800w, https:\/\/www.hjartatsbon.se\/wp-content\/uploads\/2022\/05\/Dionysios-1-Dionysios-2-300x300.jpg 300w, https:\/\/www.hjartatsbon.se\/wp-content\/uploads\/2022\/05\/Dionysios-1-Dionysios-2-150x150.jpg 150w, https:\/\/www.hjartatsbon.se\/wp-content\/uploads\/2022\/05\/Dionysios-1-Dionysios-2-768x768.jpg 768w\" sizes=\"(max-width: 800px) 100vw, 800px\" \/><\/figure>\n\n\n\n<figure class=\"wp-block-image size-full\"><img loading=\"lazy\" decoding=\"async\" width=\"800\" height=\"800\" src=\"https:\/\/www.hjartatsbon.se\/wp-content\/uploads\/2022\/05\/Dionysios-2-Aterfortrollning5-1.jpg\" alt=\"\" class=\"wp-image-1301\" srcset=\"https:\/\/www.hjartatsbon.se\/wp-content\/uploads\/2022\/05\/Dionysios-2-Aterfortrollning5-1.jpg 800w, https:\/\/www.hjartatsbon.se\/wp-content\/uploads\/2022\/05\/Dionysios-2-Aterfortrollning5-1-300x300.jpg 300w, https:\/\/www.hjartatsbon.se\/wp-content\/uploads\/2022\/05\/Dionysios-2-Aterfortrollning5-1-150x150.jpg 150w, https:\/\/www.hjartatsbon.se\/wp-content\/uploads\/2022\/05\/Dionysios-2-Aterfortrollning5-1-768x768.jpg 768w\" sizes=\"(max-width: 800px) 100vw, 800px\" \/><\/figure>\n\n\n\n<figure class=\"wp-block-image size-full\"><img loading=\"lazy\" decoding=\"async\" width=\"800\" height=\"800\" src=\"https:\/\/www.hjartatsbon.se\/wp-content\/uploads\/2022\/05\/Dionysios-3-Tomrummet3-2.jpg\" alt=\"\" class=\"wp-image-1302\" srcset=\"https:\/\/www.hjartatsbon.se\/wp-content\/uploads\/2022\/05\/Dionysios-3-Tomrummet3-2.jpg 800w, https:\/\/www.hjartatsbon.se\/wp-content\/uploads\/2022\/05\/Dionysios-3-Tomrummet3-2-300x300.jpg 300w, https:\/\/www.hjartatsbon.se\/wp-content\/uploads\/2022\/05\/Dionysios-3-Tomrummet3-2-150x150.jpg 150w, https:\/\/www.hjartatsbon.se\/wp-content\/uploads\/2022\/05\/Dionysios-3-Tomrummet3-2-768x768.jpg 768w\" sizes=\"(max-width: 800px) 100vw, 800px\" \/><\/figure>\n\n\n\n<figure class=\"wp-block-image size-full\"><img loading=\"lazy\" decoding=\"async\" width=\"800\" height=\"800\" src=\"https:\/\/www.hjartatsbon.se\/wp-content\/uploads\/2022\/05\/Dionysios-4-Gnosis-3.jpg\" alt=\"\" class=\"wp-image-1310\" srcset=\"https:\/\/www.hjartatsbon.se\/wp-content\/uploads\/2022\/05\/Dionysios-4-Gnosis-3.jpg 800w, https:\/\/www.hjartatsbon.se\/wp-content\/uploads\/2022\/05\/Dionysios-4-Gnosis-3-300x300.jpg 300w, https:\/\/www.hjartatsbon.se\/wp-content\/uploads\/2022\/05\/Dionysios-4-Gnosis-3-150x150.jpg 150w, https:\/\/www.hjartatsbon.se\/wp-content\/uploads\/2022\/05\/Dionysios-4-Gnosis-3-768x768.jpg 768w\" sizes=\"(max-width: 800px) 100vw, 800px\" \/><\/figure>\n\n\n\n<figure class=\"wp-block-image size-full\"><img loading=\"lazy\" decoding=\"async\" width=\"800\" height=\"800\" src=\"https:\/\/www.hjartatsbon.se\/wp-content\/uploads\/2022\/06\/Dionysios-6-Sfarer-Triader4.jpg\" alt=\"\" class=\"wp-image-1334\" srcset=\"https:\/\/www.hjartatsbon.se\/wp-content\/uploads\/2022\/06\/Dionysios-6-Sfarer-Triader4.jpg 800w, https:\/\/www.hjartatsbon.se\/wp-content\/uploads\/2022\/06\/Dionysios-6-Sfarer-Triader4-300x300.jpg 300w, https:\/\/www.hjartatsbon.se\/wp-content\/uploads\/2022\/06\/Dionysios-6-Sfarer-Triader4-150x150.jpg 150w, https:\/\/www.hjartatsbon.se\/wp-content\/uploads\/2022\/06\/Dionysios-6-Sfarer-Triader4-768x768.jpg 768w\" sizes=\"(max-width: 800px) 100vw, 800px\" \/><\/figure>\n\n\n\n<figure class=\"wp-block-image size-full\"><img loading=\"lazy\" decoding=\"async\" width=\"800\" height=\"800\" src=\"https:\/\/www.hjartatsbon.se\/wp-content\/uploads\/2025\/04\/Dionysios-7-De-renhjartade.jpg\" alt=\"\" class=\"wp-image-1675\" srcset=\"https:\/\/www.hjartatsbon.se\/wp-content\/uploads\/2025\/04\/Dionysios-7-De-renhjartade.jpg 800w, https:\/\/www.hjartatsbon.se\/wp-content\/uploads\/2025\/04\/Dionysios-7-De-renhjartade-300x300.jpg 300w, https:\/\/www.hjartatsbon.se\/wp-content\/uploads\/2025\/04\/Dionysios-7-De-renhjartade-150x150.jpg 150w, https:\/\/www.hjartatsbon.se\/wp-content\/uploads\/2025\/04\/Dionysios-7-De-renhjartade-768x768.jpg 768w\" sizes=\"(max-width: 800px) 100vw, 800px\" \/><\/figure>\n\n\n\n<figure class=\"wp-block-image size-full\"><img loading=\"lazy\" decoding=\"async\" width=\"800\" height=\"800\" src=\"https:\/\/www.hjartatsbon.se\/wp-content\/uploads\/2022\/07\/Dionysios-8-Anglar-Teurgi.jpg\" alt=\"\" class=\"wp-image-1370\" srcset=\"https:\/\/www.hjartatsbon.se\/wp-content\/uploads\/2022\/07\/Dionysios-8-Anglar-Teurgi.jpg 800w, https:\/\/www.hjartatsbon.se\/wp-content\/uploads\/2022\/07\/Dionysios-8-Anglar-Teurgi-300x300.jpg 300w, https:\/\/www.hjartatsbon.se\/wp-content\/uploads\/2022\/07\/Dionysios-8-Anglar-Teurgi-150x150.jpg 150w, https:\/\/www.hjartatsbon.se\/wp-content\/uploads\/2022\/07\/Dionysios-8-Anglar-Teurgi-768x768.jpg 768w\" sizes=\"(max-width: 800px) 100vw, 800px\" \/><\/figure>\n\n\n\n<figure class=\"wp-block-image size-full\"><img loading=\"lazy\" decoding=\"async\" width=\"800\" height=\"800\" src=\"https:\/\/www.hjartatsbon.se\/wp-content\/uploads\/2022\/07\/Dionysios-9-Kronos-Kairos-Aeon.jpg\" alt=\"\" class=\"wp-image-1391\" srcset=\"https:\/\/www.hjartatsbon.se\/wp-content\/uploads\/2022\/07\/Dionysios-9-Kronos-Kairos-Aeon.jpg 800w, https:\/\/www.hjartatsbon.se\/wp-content\/uploads\/2022\/07\/Dionysios-9-Kronos-Kairos-Aeon-300x300.jpg 300w, https:\/\/www.hjartatsbon.se\/wp-content\/uploads\/2022\/07\/Dionysios-9-Kronos-Kairos-Aeon-150x150.jpg 150w, https:\/\/www.hjartatsbon.se\/wp-content\/uploads\/2022\/07\/Dionysios-9-Kronos-Kairos-Aeon-768x768.jpg 768w\" sizes=\"(max-width: 800px) 100vw, 800px\" \/><\/figure>\n\n\n\n<figure class=\"wp-block-image size-full\"><img loading=\"lazy\" decoding=\"async\" width=\"800\" height=\"800\" src=\"https:\/\/www.hjartatsbon.se\/wp-content\/uploads\/2022\/08\/Dionysios-9-Oga-mot-Oga.jpg\" alt=\"\" class=\"wp-image-1393\" srcset=\"https:\/\/www.hjartatsbon.se\/wp-content\/uploads\/2022\/08\/Dionysios-9-Oga-mot-Oga.jpg 800w, https:\/\/www.hjartatsbon.se\/wp-content\/uploads\/2022\/08\/Dionysios-9-Oga-mot-Oga-300x300.jpg 300w, https:\/\/www.hjartatsbon.se\/wp-content\/uploads\/2022\/08\/Dionysios-9-Oga-mot-Oga-150x150.jpg 150w, https:\/\/www.hjartatsbon.se\/wp-content\/uploads\/2022\/08\/Dionysios-9-Oga-mot-Oga-768x768.jpg 768w\" sizes=\"(max-width: 800px) 100vw, 800px\" \/><\/figure>\n\n\n\n<figure class=\"wp-block-image size-full\"><img loading=\"lazy\" decoding=\"async\" width=\"800\" height=\"800\" src=\"https:\/\/www.hjartatsbon.se\/wp-content\/uploads\/2025\/04\/Dag-H-Dag-Hammarskjold2.jpg\" alt=\"\" class=\"wp-image-1677\" srcset=\"https:\/\/www.hjartatsbon.se\/wp-content\/uploads\/2025\/04\/Dag-H-Dag-Hammarskjold2.jpg 800w, https:\/\/www.hjartatsbon.se\/wp-content\/uploads\/2025\/04\/Dag-H-Dag-Hammarskjold2-300x300.jpg 300w, https:\/\/www.hjartatsbon.se\/wp-content\/uploads\/2025\/04\/Dag-H-Dag-Hammarskjold2-150x150.jpg 150w, https:\/\/www.hjartatsbon.se\/wp-content\/uploads\/2025\/04\/Dag-H-Dag-Hammarskjold2-768x768.jpg 768w\" sizes=\"(max-width: 800px) 100vw, 800px\" \/><\/figure>\n\n\n\n<figure class=\"wp-block-image size-full\"><img loading=\"lazy\" decoding=\"async\" width=\"800\" height=\"800\" src=\"https:\/\/www.hjartatsbon.se\/wp-content\/uploads\/2025\/04\/Dag-H-Gransdrommar.jpg\" alt=\"\" class=\"wp-image-1678\" srcset=\"https:\/\/www.hjartatsbon.se\/wp-content\/uploads\/2025\/04\/Dag-H-Gransdrommar.jpg 800w, https:\/\/www.hjartatsbon.se\/wp-content\/uploads\/2025\/04\/Dag-H-Gransdrommar-300x300.jpg 300w, https:\/\/www.hjartatsbon.se\/wp-content\/uploads\/2025\/04\/Dag-H-Gransdrommar-150x150.jpg 150w, https:\/\/www.hjartatsbon.se\/wp-content\/uploads\/2025\/04\/Dag-H-Gransdrommar-768x768.jpg 768w\" sizes=\"(max-width: 800px) 100vw, 800px\" \/><\/figure>\n\n\n\n<figure class=\"wp-block-image size-full\"><img loading=\"lazy\" decoding=\"async\" width=\"800\" height=\"800\" src=\"https:\/\/www.hjartatsbon.se\/wp-content\/uploads\/2025\/04\/Dag-H-Lekbroder.jpg\" alt=\"\" class=\"wp-image-1679\" srcset=\"https:\/\/www.hjartatsbon.se\/wp-content\/uploads\/2025\/04\/Dag-H-Lekbroder.jpg 800w, https:\/\/www.hjartatsbon.se\/wp-content\/uploads\/2025\/04\/Dag-H-Lekbroder-300x300.jpg 300w, https:\/\/www.hjartatsbon.se\/wp-content\/uploads\/2025\/04\/Dag-H-Lekbroder-150x150.jpg 150w, https:\/\/www.hjartatsbon.se\/wp-content\/uploads\/2025\/04\/Dag-H-Lekbroder-768x768.jpg 768w\" sizes=\"(max-width: 800px) 100vw, 800px\" \/><\/figure>\n\n\n\n<figure class=\"wp-block-image size-full\"><img loading=\"lazy\" decoding=\"async\" width=\"800\" height=\"800\" src=\"https:\/\/www.hjartatsbon.se\/wp-content\/uploads\/2025\/04\/Dag-H-Varat-jag-och-du4.jpg\" alt=\"\" class=\"wp-image-1681\" srcset=\"https:\/\/www.hjartatsbon.se\/wp-content\/uploads\/2025\/04\/Dag-H-Varat-jag-och-du4.jpg 800w, https:\/\/www.hjartatsbon.se\/wp-content\/uploads\/2025\/04\/Dag-H-Varat-jag-och-du4-300x300.jpg 300w, https:\/\/www.hjartatsbon.se\/wp-content\/uploads\/2025\/04\/Dag-H-Varat-jag-och-du4-150x150.jpg 150w, https:\/\/www.hjartatsbon.se\/wp-content\/uploads\/2025\/04\/Dag-H-Varat-jag-och-du4-768x768.jpg 768w\" sizes=\"(max-width: 800px) 100vw, 800px\" \/><\/figure>\n\n\n\n<figure class=\"wp-block-image size-full\"><img loading=\"lazy\" decoding=\"async\" width=\"800\" height=\"800\" src=\"https:\/\/www.hjartatsbon.se\/wp-content\/uploads\/2025\/04\/Hoga-Visan-31-Hoga-Visan-1.jpg\" alt=\"\" class=\"wp-image-1682\" srcset=\"https:\/\/www.hjartatsbon.se\/wp-content\/uploads\/2025\/04\/Hoga-Visan-31-Hoga-Visan-1.jpg 800w, https:\/\/www.hjartatsbon.se\/wp-content\/uploads\/2025\/04\/Hoga-Visan-31-Hoga-Visan-1-300x300.jpg 300w, https:\/\/www.hjartatsbon.se\/wp-content\/uploads\/2025\/04\/Hoga-Visan-31-Hoga-Visan-1-150x150.jpg 150w, https:\/\/www.hjartatsbon.se\/wp-content\/uploads\/2025\/04\/Hoga-Visan-31-Hoga-Visan-1-768x768.jpg 768w\" sizes=\"(max-width: 800px) 100vw, 800px\" \/><\/figure>\n\n\n\n<figure class=\"wp-block-image size-full\"><img loading=\"lazy\" decoding=\"async\" width=\"800\" height=\"800\" src=\"https:\/\/www.hjartatsbon.se\/wp-content\/uploads\/2025\/04\/Hoga-Visan-32-Nattboken-el-Dromboken2.jpg\" alt=\"\" class=\"wp-image-1683\" srcset=\"https:\/\/www.hjartatsbon.se\/wp-content\/uploads\/2025\/04\/Hoga-Visan-32-Nattboken-el-Dromboken2.jpg 800w, https:\/\/www.hjartatsbon.se\/wp-content\/uploads\/2025\/04\/Hoga-Visan-32-Nattboken-el-Dromboken2-300x300.jpg 300w, https:\/\/www.hjartatsbon.se\/wp-content\/uploads\/2025\/04\/Hoga-Visan-32-Nattboken-el-Dromboken2-150x150.jpg 150w, https:\/\/www.hjartatsbon.se\/wp-content\/uploads\/2025\/04\/Hoga-Visan-32-Nattboken-el-Dromboken2-768x768.jpg 768w\" sizes=\"(max-width: 800px) 100vw, 800px\" \/><\/figure>\n\n\n\n<figure class=\"wp-block-image size-full\"><img loading=\"lazy\" decoding=\"async\" width=\"800\" height=\"800\" src=\"https:\/\/www.hjartatsbon.se\/wp-content\/uploads\/2025\/04\/Hoga-Visan-33-Klardrommar.jpg\" alt=\"\" class=\"wp-image-1685\" srcset=\"https:\/\/www.hjartatsbon.se\/wp-content\/uploads\/2025\/04\/Hoga-Visan-33-Klardrommar.jpg 800w, https:\/\/www.hjartatsbon.se\/wp-content\/uploads\/2025\/04\/Hoga-Visan-33-Klardrommar-300x300.jpg 300w, https:\/\/www.hjartatsbon.se\/wp-content\/uploads\/2025\/04\/Hoga-Visan-33-Klardrommar-150x150.jpg 150w, https:\/\/www.hjartatsbon.se\/wp-content\/uploads\/2025\/04\/Hoga-Visan-33-Klardrommar-768x768.jpg 768w\" sizes=\"(max-width: 800px) 100vw, 800px\" \/><\/figure>\n\n\n\n<figure class=\"wp-block-image size-full\"><img loading=\"lazy\" decoding=\"async\" width=\"800\" height=\"800\" src=\"https:\/\/www.hjartatsbon.se\/wp-content\/uploads\/2025\/04\/Hoga-Visan-34-Sida-vid-sida.jpg\" alt=\"\" class=\"wp-image-1687\" srcset=\"https:\/\/www.hjartatsbon.se\/wp-content\/uploads\/2025\/04\/Hoga-Visan-34-Sida-vid-sida.jpg 800w, https:\/\/www.hjartatsbon.se\/wp-content\/uploads\/2025\/04\/Hoga-Visan-34-Sida-vid-sida-300x300.jpg 300w, https:\/\/www.hjartatsbon.se\/wp-content\/uploads\/2025\/04\/Hoga-Visan-34-Sida-vid-sida-150x150.jpg 150w, https:\/\/www.hjartatsbon.se\/wp-content\/uploads\/2025\/04\/Hoga-Visan-34-Sida-vid-sida-768x768.jpg 768w\" sizes=\"(max-width: 800px) 100vw, 800px\" \/><\/figure>\n\n\n\n<figure class=\"wp-block-image size-full\"><img loading=\"lazy\" decoding=\"async\" width=\"800\" height=\"800\" src=\"https:\/\/www.hjartatsbon.se\/wp-content\/uploads\/2025\/04\/Hoga-Visan-3xx-Salomos-Vishet-1.jpg\" alt=\"\" class=\"wp-image-1688\" srcset=\"https:\/\/www.hjartatsbon.se\/wp-content\/uploads\/2025\/04\/Hoga-Visan-3xx-Salomos-Vishet-1.jpg 800w, https:\/\/www.hjartatsbon.se\/wp-content\/uploads\/2025\/04\/Hoga-Visan-3xx-Salomos-Vishet-1-300x300.jpg 300w, https:\/\/www.hjartatsbon.se\/wp-content\/uploads\/2025\/04\/Hoga-Visan-3xx-Salomos-Vishet-1-150x150.jpg 150w, https:\/\/www.hjartatsbon.se\/wp-content\/uploads\/2025\/04\/Hoga-Visan-3xx-Salomos-Vishet-1-768x768.jpg 768w\" sizes=\"(max-width: 800px) 100vw, 800px\" \/><\/figure>\n\n\n\n<figure class=\"wp-block-image size-full\"><img loading=\"lazy\" decoding=\"async\" width=\"800\" height=\"800\" src=\"https:\/\/www.hjartatsbon.se\/wp-content\/uploads\/2025\/04\/Hoga-Visan-37-Adamas-Teurgi-1.jpg\" alt=\"\" class=\"wp-image-1689\" srcset=\"https:\/\/www.hjartatsbon.se\/wp-content\/uploads\/2025\/04\/Hoga-Visan-37-Adamas-Teurgi-1.jpg 800w, https:\/\/www.hjartatsbon.se\/wp-content\/uploads\/2025\/04\/Hoga-Visan-37-Adamas-Teurgi-1-300x300.jpg 300w, https:\/\/www.hjartatsbon.se\/wp-content\/uploads\/2025\/04\/Hoga-Visan-37-Adamas-Teurgi-1-150x150.jpg 150w, https:\/\/www.hjartatsbon.se\/wp-content\/uploads\/2025\/04\/Hoga-Visan-37-Adamas-Teurgi-1-768x768.jpg 768w\" sizes=\"(max-width: 800px) 100vw, 800px\" \/><\/figure>\n\n\n\n<figure class=\"wp-block-image size-full\"><img loading=\"lazy\" decoding=\"async\" width=\"800\" height=\"800\" src=\"https:\/\/www.hjartatsbon.se\/wp-content\/uploads\/2025\/04\/Hoga-Visan-35-Naturens-anglar.jpg\" alt=\"\" class=\"wp-image-1690\" srcset=\"https:\/\/www.hjartatsbon.se\/wp-content\/uploads\/2025\/04\/Hoga-Visan-35-Naturens-anglar.jpg 800w, https:\/\/www.hjartatsbon.se\/wp-content\/uploads\/2025\/04\/Hoga-Visan-35-Naturens-anglar-300x300.jpg 300w, https:\/\/www.hjartatsbon.se\/wp-content\/uploads\/2025\/04\/Hoga-Visan-35-Naturens-anglar-150x150.jpg 150w, https:\/\/www.hjartatsbon.se\/wp-content\/uploads\/2025\/04\/Hoga-Visan-35-Naturens-anglar-768x768.jpg 768w\" sizes=\"(max-width: 800px) 100vw, 800px\" \/><\/figure>\n\n\n\n<figure class=\"wp-block-image size-full\"><img loading=\"lazy\" decoding=\"async\" width=\"800\" height=\"800\" src=\"https:\/\/www.hjartatsbon.se\/wp-content\/uploads\/2025\/04\/Hoga-Visan-43-Eros.jpg\" alt=\"\" class=\"wp-image-1691\" srcset=\"https:\/\/www.hjartatsbon.se\/wp-content\/uploads\/2025\/04\/Hoga-Visan-43-Eros.jpg 800w, https:\/\/www.hjartatsbon.se\/wp-content\/uploads\/2025\/04\/Hoga-Visan-43-Eros-300x300.jpg 300w, https:\/\/www.hjartatsbon.se\/wp-content\/uploads\/2025\/04\/Hoga-Visan-43-Eros-150x150.jpg 150w, https:\/\/www.hjartatsbon.se\/wp-content\/uploads\/2025\/04\/Hoga-Visan-43-Eros-768x768.jpg 768w\" sizes=\"(max-width: 800px) 100vw, 800px\" \/><\/figure>\n\n\n\n<figure class=\"wp-block-image size-full\"><img loading=\"lazy\" decoding=\"async\" width=\"800\" height=\"800\" src=\"https:\/\/www.hjartatsbon.se\/wp-content\/uploads\/2025\/04\/Hoga-Visan-Spegelsalen2.jpg\" alt=\"\" class=\"wp-image-1692\" srcset=\"https:\/\/www.hjartatsbon.se\/wp-content\/uploads\/2025\/04\/Hoga-Visan-Spegelsalen2.jpg 800w, https:\/\/www.hjartatsbon.se\/wp-content\/uploads\/2025\/04\/Hoga-Visan-Spegelsalen2-300x300.jpg 300w, https:\/\/www.hjartatsbon.se\/wp-content\/uploads\/2025\/04\/Hoga-Visan-Spegelsalen2-150x150.jpg 150w, https:\/\/www.hjartatsbon.se\/wp-content\/uploads\/2025\/04\/Hoga-Visan-Spegelsalen2-768x768.jpg 768w\" sizes=\"(max-width: 800px) 100vw, 800px\" \/><\/figure>\n\n\n\n<figure class=\"wp-block-image size-full\"><img loading=\"lazy\" decoding=\"async\" width=\"800\" height=\"800\" src=\"https:\/\/www.hjartatsbon.se\/wp-content\/uploads\/2025\/04\/Hoga-Visan-Den-konungsliga-hemligheten-2.jpg\" alt=\"\" class=\"wp-image-1693\" srcset=\"https:\/\/www.hjartatsbon.se\/wp-content\/uploads\/2025\/04\/Hoga-Visan-Den-konungsliga-hemligheten-2.jpg 800w, https:\/\/www.hjartatsbon.se\/wp-content\/uploads\/2025\/04\/Hoga-Visan-Den-konungsliga-hemligheten-2-300x300.jpg 300w, https:\/\/www.hjartatsbon.se\/wp-content\/uploads\/2025\/04\/Hoga-Visan-Den-konungsliga-hemligheten-2-150x150.jpg 150w, https:\/\/www.hjartatsbon.se\/wp-content\/uploads\/2025\/04\/Hoga-Visan-Den-konungsliga-hemligheten-2-768x768.jpg 768w\" sizes=\"(max-width: 800px) 100vw, 800px\" \/><\/figure>\n","protected":false},"excerpt":{"rendered":"<p>H\u00e4r \u00e4r en f\u00f6rteckning \u00f6ver samtliga avsnitt i s\u00e4song 2, som b\u00f6rjade s\u00e4ndas v\u00e5ren 2022. Du finner podden i de&hellip;<\/p>\n","protected":false},"author":1,"featured_media":0,"parent":0,"menu_order":0,"comment_status":"closed","ping_status":"closed","template":"","meta":{"footnotes":""},"class_list":["post-1226","page","type-page","status-publish","hentry"],"_links":{"self":[{"href":"https:\/\/www.hjartatsbon.se\/index.php\/wp-json\/wp\/v2\/pages\/1226","targetHints":{"allow":["GET"]}}],"collection":[{"href":"https:\/\/www.hjartatsbon.se\/index.php\/wp-json\/wp\/v2\/pages"}],"about":[{"href":"https:\/\/www.hjartatsbon.se\/index.php\/wp-json\/wp\/v2\/types\/page"}],"author":[{"embeddable":true,"href":"https:\/\/www.hjartatsbon.se\/index.php\/wp-json\/wp\/v2\/users\/1"}],"replies":[{"embeddable":true,"href":"https:\/\/www.hjartatsbon.se\/index.php\/wp-json\/wp\/v2\/comments?post=1226"}],"version-history":[{"count":55,"href":"https:\/\/www.hjartatsbon.se\/index.php\/wp-json\/wp\/v2\/pages\/1226\/revisions"}],"predecessor-version":[{"id":1793,"href":"https:\/\/www.hjartatsbon.se\/index.php\/wp-json\/wp\/v2\/pages\/1226\/revisions\/1793"}],"wp:attachment":[{"href":"https:\/\/www.hjartatsbon.se\/index.php\/wp-json\/wp\/v2\/media?parent=1226"}],"curies":[{"name":"wp","href":"https:\/\/api.w.org\/{rel}","templated":true}]}}