{"id":1215,"date":"2022-05-11T21:48:58","date_gmt":"2022-05-11T19:48:58","guid":{"rendered":"https:\/\/www.hjartatsbon.se\/?page_id=1215"},"modified":"2025-12-15T15:14:23","modified_gmt":"2025-12-15T14:14:23","slug":"utbildning","status":"publish","type":"page","link":"https:\/\/www.hjartatsbon.se\/index.php\/utbildning\/","title":{"rendered":"F\u00f6rel\u00e4sare"},"content":{"rendered":"\n<p class=\"has-text-align-center\" style=\"font-size:25px\">L\u00e5t oss samverka!<\/p>\n\n\n\n<p>Carl Stattin, redakt\u00f6r f\u00f6r podden \u00e4r en uppskattad f\u00f6rel\u00e4sare som g\u00e4rna anpassar f\u00f6rel\u00e4sningar eller utbildningsdagar utifr\u00e5n ert stift, f\u00f6rsamlings eller organisations behov. Se nedan f\u00f6r n\u00e5gra exempel. <\/p>\n\n\n\n<p><strong>F\u00f6rel\u00e4sning:<\/strong> &#8221;Gud blev m\u00e4nniska f\u00f6r att g\u00f6ra m\u00e4nniskan till Gud; den lutherska traditionens mystika hj\u00e4rta&#8221;<\/p>\n\n\n\n<figure class=\"wp-block-embed is-type-video is-provider-youtube wp-block-embed-youtube wp-embed-aspect-16-9 wp-has-aspect-ratio\"><div class=\"wp-block-embed__wrapper\">\n<iframe title=\"Carl Stattin, Katarina Lamos, P\u00e5l Resare: &quot;Den lutherska traditionens mystika hj\u00e4rta&quot;, 15 maj 2023\" width=\"688\" height=\"387\" src=\"https:\/\/www.youtube.com\/embed\/wzCrB7xq0jo?feature=oembed\" frameborder=\"0\" allow=\"accelerometer; autoplay; clipboard-write; encrypted-media; gyroscope; picture-in-picture; web-share\" referrerpolicy=\"strict-origin-when-cross-origin\" allowfullscreen><\/iframe>\n<\/div><\/figure>\n\n\n\n<p><strong>2026 \/ kommande f\u00f6rel\u00e4sningar<br><\/strong>Skrift: Kapitel <em>M\u00e4ster Eckhart, Martin Luther, Karmel och kyrkans mystika tradition<\/em> i EKS \u00e5rsbok 2025, Artos &amp; Norma f\u00f6rlag<br><a href=\"https:\/\/www.fjellstedtska.se\/teologi-och-bibel\/konferens-f%C3%B6r-mystagogiskt-l%C3%A4rande-46553369\">Konferens f\u00f6r mystagogiskt l\u00e4rande januari 2026 | Stiftelsen Fjellstedtska skolan<\/a>; <em>Det f\u00f6rdolda lifvet 100 \u00e5r, den mystika Flodbergskretsens k\u00e4llfl\u00f6den<\/em><br>F\u00f6rel\u00e4sning inf\u00f6r fastan, Tanums pastorat, Fastlagss\u00f6ndagen 15 februari<\/p>\n\n\n\n<p><strong>2025<br><\/strong>Skrift: <em>Hj\u00e4rtats b\u00f6n i urval<\/em><br>Uppsala, Konferensen f\u00f6r mystagogiskt l\u00e4rande 2025; <em>Dag Hammarskj\u00f6lds V\u00e4gm\u00e4rken och den kristna mystiken<\/em><br>Helga Trefaldighets f\u00f6rsamling Uppsala:<em>Filmvisning med anknytning till Jacob B\u00f6hmes mystik; Morgonr\u00f6te im Aufgang &#8211; Hommage \u00e0 Jacob B\u00f6hme<\/em>. (<a href=\"https:\/\/www.youtube.com\/watch?v=gIenwcT6_pM\">Se trailer h\u00e4r!<\/a>)<br>Hedvig Eleonora f\u00f6rsamling Stockholm, <em>Utbildningsdagar i Hj\u00e4rtats b\u00f6n<\/em><br>S\u00e4llskapet Nous, marskonvent<br>G\u00f6teborgs stift, <em>Stiftsdagar <\/em>i mars<br>Sigtunastiftelsen, <a href=\"https:\/\/sigtunastiftelsen.se\/events\/dagretreat-flodbergskretsens-mystika-arv-med-carl-stattin\/\"><em>Dagretreat \u2013 Flodbergskretsens mystika arv<\/em><\/a><br>Evangelisk-katolsk samling, konferens i Uppsala, <em>Eckharts mystik och Luther &#8211; En brygga mellan den evangeliska traditionen och den v\u00e4rldsvida kyrkan<\/em><br>S\u00e4llskapet Nous, sommarkonvent<br>Uppsala, <em>Utbildningsdagar i Hj\u00e4rtats b\u00f6n<\/em>, september, (<a href=\"https:\/\/www.instagram.com\/p\/DPMC8h_CLRV\/?hl=ne&amp;img_index=1\" data-type=\"link\" data-id=\"https:\/\/www.instagram.com\/p\/DPMC8h_CLRV\/?hl=ne&amp;img_index=1\">Se bilder fr\u00e5n utbildningen p\u00e5 Carls instagram<\/a>)<br>Hedvig Eleonora f\u00f6rsamling Stockholm \/ N\u00e4tverket f\u00f6r Katekumenat i Stockholms stift &#8221;<em>Hj\u00e4rtats b\u00f6n i \u00f6st och v\u00e4st<\/em>&#8221;<br>Johannelunds teologiska h\u00f6gskola Uppsala, <em>Om mystik och luthersk mystik<\/em><br>Laurentistiftelsen Lund, <em>Det f\u00f6rdolda livet: om mystik och mystagogi<\/em>, 2a advent<\/p>\n\n\n\n<p><strong>2024<\/strong><br>Skrift: f\u00f6rord till nyutg\u00e5van av &#8221;En \u00e4del liten bok&#8221;, Artos<br>Skrift: kapitel &#8221;Hj\u00e4rtats ordl\u00f6sa mysterium&#8221; i &#8221;Mystagogiska uppt\u00e4cktsf\u00e4rder&#8221;, Verbum<br>Skrift: ett antal s\u00f6ndagar i Kyrkokalendern 2024-2025: Ljus och salt<br>Uppsala, Konferensen f\u00f6r mystagogiskt l\u00e4rande 2024; <em>En \u00e4del liten bok och den lutherska mystiken<\/em><br>Kinda pastorat; <em>Dag Hammarskj\u00f6ld och den kristna mystiken<\/em><br>S\u00e4llskapet Nous, marskonvent<br>Sigtunastiftelsen; <em>Luther som mystiker<\/em><br>Generalkapitlet EKIBS (Ekumeniska kommuniteten i Bj\u00e4rka-S\u00e4by); <em>Luther &amp; mystiken<\/em> <br>S\u00e4llskapet Nous, sommarkonvent<br>Vasa f\u00f6rsamling, G\u00f6teborg; <em>Hj\u00e4rtats b\u00f6n i \u00f6st och v\u00e4st<\/em><br>Uppsala N\u00e4s; <em>\u00c4nglar<\/em> <em>och Dionysios Areopagitens mystika teologi<\/em><br>Str\u00e4ngn\u00e4s stift; <em>Mystagogik, mystik, mysterium <\/em><br>S\u00f6derhamns pastorat; <em>Hj\u00e4rtats b\u00f6n i \u00f6st och v\u00e4st<\/em><\/p>\n\n\n\n<p><strong>2023<\/strong><br>S\u00e4llskapet Nous, sommarkonvent<br>Sigtunastiftelsen; <em>Om Visheten<\/em><br>Sigtunastiftelsen; <em>Hjalmar Ekstr\u00f6m &amp; den mystika flodbergskretsen<\/em><br>Helga Trefaldighets f\u00f6rsamling Uppsala; <em>En \u00e4del liten bok<\/em><br>Helga Trefaldighets f\u00f6rsamling Uppsala, F\u00f6r studenter p\u00e5 Svenska kyrkans utbildningsinstitut i; <em>Hj\u00e4rtats b\u00f6n &#8211; en historisk skiss<\/em><br>Katedralcafeet Uppsala pastorat; <em>Den lutherska traditionens mystika hj\u00e4rta<\/em><br>Svenska kyrkans utbildningsinstitut Uppsala; <em>Den lutherska traditionens mystika hj\u00e4rta<\/em><br>Tyres\u00f6, retreat; <em>H\u00f6ga visans erotiska mystik<\/em><br>Askims f\u00f6rsamling; <em>Den lutherska traditionens mystika hj\u00e4rta<\/em><br>Skog\u00e5s f\u00f6rsamling; <em>Den lutherska traditionens mystika hj\u00e4rta<\/em><\/p>\n\n\n\n<p><strong>2022<\/strong><br>Uppsala stifts pr\u00e4st och diakonm\u00f6te<br>Helga Trefaldighets f\u00f6rsamling Uppsala; <em>En \u00e4del liten bok <\/em><\/p>\n\n\n\n<p><strong>L\u00e4nkar till n\u00e5gra presentationer som anv\u00e4nts under f\u00f6rel\u00e4sningar<\/strong><br><a href=\"https:\/\/prezi.com\/view\/FqvIpbB3AEdaBH8xAYci\/\" data-type=\"link\" data-id=\"https:\/\/prezi.com\/view\/FqvIpbB3AEdaBH8xAYci\/\" target=\"_blank\" rel=\"noreferrer noopener\">Str\u00e4ngn\u00e4s stift; Mysterium, mystik och mystagogik<\/a><br><a href=\"https:\/\/prezi.com\/view\/XGtGXQG6eWuYqkjL18jQ\/\" data-type=\"link\" data-id=\"https:\/\/prezi.com\/view\/XGtGXQG6eWuYqkjL18jQ\/\" target=\"_blank\" rel=\"noreferrer noopener\">S\u00f6derhamns pastorat;  Hj\u00e4rtats b\u00f6n i \u00f6st och v\u00e4st<\/a><br><a href=\"https:\/\/prezi.com\/view\/VtWILCTOKlR77349HgMI\/\" data-type=\"link\" data-id=\"https:\/\/prezi.com\/view\/VtWILCTOKlR77349HgMI\/\" target=\"_blank\" rel=\"noreferrer noopener\">Uppsala N\u00e4s; \u00c4nglar &amp; Dionysius Areopagitens mystika teologi<\/a><\/p>\n\n\n\n<p><strong>Medverkan i poddar<\/strong><br>N\u00e5dens \u00e5r<br>D\u00e5lig liturgi d\u00f6dar<br>D\u00e5lig liturgi d\u00f6dar livepodd<br>OMG<\/p>\n\n\n\n<p>Vi kan d\u00e4rtill arrangera gruppresor till det heliga landet (Israel \/ Palestina).<\/p>\n","protected":false},"excerpt":{"rendered":"<p>L\u00e5t oss samverka! Carl Stattin, redakt\u00f6r f\u00f6r podden \u00e4r en uppskattad f\u00f6rel\u00e4sare som g\u00e4rna anpassar f\u00f6rel\u00e4sningar eller utbildningsdagar utifr\u00e5n ert&hellip;<\/p>\n","protected":false},"author":1,"featured_media":0,"parent":0,"menu_order":0,"comment_status":"closed","ping_status":"closed","template":"","meta":{"footnotes":""},"class_list":["post-1215","page","type-page","status-publish","hentry"],"_links":{"self":[{"href":"https:\/\/www.hjartatsbon.se\/index.php\/wp-json\/wp\/v2\/pages\/1215","targetHints":{"allow":["GET"]}}],"collection":[{"href":"https:\/\/www.hjartatsbon.se\/index.php\/wp-json\/wp\/v2\/pages"}],"about":[{"href":"https:\/\/www.hjartatsbon.se\/index.php\/wp-json\/wp\/v2\/types\/page"}],"author":[{"embeddable":true,"href":"https:\/\/www.hjartatsbon.se\/index.php\/wp-json\/wp\/v2\/users\/1"}],"replies":[{"embeddable":true,"href":"https:\/\/www.hjartatsbon.se\/index.php\/wp-json\/wp\/v2\/comments?post=1215"}],"version-history":[{"count":38,"href":"https:\/\/www.hjartatsbon.se\/index.php\/wp-json\/wp\/v2\/pages\/1215\/revisions"}],"predecessor-version":[{"id":1760,"href":"https:\/\/www.hjartatsbon.se\/index.php\/wp-json\/wp\/v2\/pages\/1215\/revisions\/1760"}],"wp:attachment":[{"href":"https:\/\/www.hjartatsbon.se\/index.php\/wp-json\/wp\/v2\/media?parent=1215"}],"curies":[{"name":"wp","href":"https:\/\/api.w.org\/{rel}","templated":true}]}}