{"id":1146,"date":"2022-04-30T10:43:52","date_gmt":"2022-04-30T08:43:52","guid":{"rendered":"https:\/\/www.hjartatsbon.se\/?page_id=1146"},"modified":"2025-01-30T09:09:56","modified_gmt":"2025-01-30T08:09:56","slug":"mystagogiskt-larande-2","status":"publish","type":"page","link":"https:\/\/www.hjartatsbon.se\/index.php\/mystagogiskt-larande-2\/","title":{"rendered":"Mysta&shy;gogiskt l\u00e4rande"},"content":{"rendered":"\n<p class=\"has-text-align-center\" style=\"font-size:25px\">Mystagogik, mystik &amp; mysteriet<\/p>\n\n\n\n<p><\/p>\n\n\n\n<p>Relationen mellan dessa tre begrepp skulle enkelt kunna f\u00f6rklaras som att mystagogik \u00e4r pedagogik och att mysteriet \u00e4r dess m\u00e5l. Mysteriet \u00e4r inget annat \u00e4n kristendomens centrum: att Gud blir m\u00e4nniska. Mystik kan beskrivas som en tradition inom kyrkan som efterstr\u00e4var en personlig djupupplevelse av detta mysterium. Denna tradition har ibland skapat mystagogik av olika slag.<\/p>\n\n\n\n<h5 class=\"wp-block-heading\">Mystagogik i den tidiga kyrkan<\/h5>\n\n\n\n<p>Mystagogikbegreppet f\u00f6rknippas med tidiga inflytelserika teologer som Kyrillus av Jerusalem, Gregorios av Nyssa och hans syster Makrina, Dionysios Areopagiten och Maximos Bek\u00e4nnaren. Vid deras tid innebar mystagogik olika former av andlig f\u00f6rdjupning f\u00f6r personer som g\u00e5tt igenom katekesundervisning och d\u00f6pts. Mystagogiken f\u00f6ljde allts\u00e5 p\u00e5 kateketiken.<\/p>\n\n\n\n<p>Mystagogiken r\u00f6rde v\u00e4gledning in i det kristna mysteriet; om att n\u00e5 en personlig djupupplevelse av det som utg\u00f6r den kristna traditionens centrum. Inte som n\u00e5got utanf\u00f6r den troende, utan i den troendes egna centrum och liv. Eftersom det handlade om f\u00f6rdjupning f\u00f6r redan d\u00f6pta fanns en s\u00e4rskild emfas vid nattvardens mysterium.<\/p>\n","protected":false},"excerpt":{"rendered":"<p>Mystagogik, mystik &amp; mysteriet Relationen mellan dessa tre begrepp skulle enkelt kunna f\u00f6rklaras som att mystagogik \u00e4r pedagogik och att&hellip;<\/p>\n","protected":false},"author":1,"featured_media":0,"parent":0,"menu_order":0,"comment_status":"closed","ping_status":"closed","template":"","meta":{"footnotes":""},"class_list":["post-1146","page","type-page","status-publish","hentry"],"_links":{"self":[{"href":"https:\/\/www.hjartatsbon.se\/index.php\/wp-json\/wp\/v2\/pages\/1146","targetHints":{"allow":["GET"]}}],"collection":[{"href":"https:\/\/www.hjartatsbon.se\/index.php\/wp-json\/wp\/v2\/pages"}],"about":[{"href":"https:\/\/www.hjartatsbon.se\/index.php\/wp-json\/wp\/v2\/types\/page"}],"author":[{"embeddable":true,"href":"https:\/\/www.hjartatsbon.se\/index.php\/wp-json\/wp\/v2\/users\/1"}],"replies":[{"embeddable":true,"href":"https:\/\/www.hjartatsbon.se\/index.php\/wp-json\/wp\/v2\/comments?post=1146"}],"version-history":[{"count":11,"href":"https:\/\/www.hjartatsbon.se\/index.php\/wp-json\/wp\/v2\/pages\/1146\/revisions"}],"predecessor-version":[{"id":1602,"href":"https:\/\/www.hjartatsbon.se\/index.php\/wp-json\/wp\/v2\/pages\/1146\/revisions\/1602"}],"wp:attachment":[{"href":"https:\/\/www.hjartatsbon.se\/index.php\/wp-json\/wp\/v2\/media?parent=1146"}],"curies":[{"name":"wp","href":"https:\/\/api.w.org\/{rel}","templated":true}]}}